{"id":2212,"date":"2018-11-12T17:52:28","date_gmt":"2018-11-12T16:52:28","guid":{"rendered":"http:\/\/camping-dordogne.net\/plan-du-camping\/"},"modified":"2026-03-30T18:08:24","modified_gmt":"2026-03-30T16:08:24","slug":"map-of-the-campsite","status":"publish","type":"page","link":"https:\/\/camping-dordogne.net\/en\/map-of-the-campsite\/","title":{"rendered":"Map of the campsite"},"content":{"rendered":"<div id='full_slider_1'  class='avia-fullwidth-slider main_color avia-shadow av-mini-hide  avia-builder-el-0  el_before_av_slideshow_full  avia-builder-el-first   container_wrap sidebar_right'  ><div  class='avia-slideshow av-6pf2a5-2d33e39fb7bc48387ce66229d4a8a2fe avia-slideshow-featured av_slideshow_full avia-fade-slider av-mini-hide av-slideshow-ui av-control-hidden av-no-slider-navigation av-hide-nav-arrows av-slideshow-autoplay av-loop-endless av-loop-manual-endless av-default-height-applied   avia-slideshow-1' data-slideshow-options=\"{&quot;animation&quot;:&quot;fade&quot;,&quot;autoplay&quot;:true,&quot;loop_autoplay&quot;:&quot;endless&quot;,&quot;interval&quot;:5,&quot;loop_manual&quot;:&quot;manual-endless&quot;,&quot;autoplay_stopper&quot;:false,&quot;noNavigation&quot;:true,&quot;bg_slider&quot;:false,&quot;keep_padding&quot;:false,&quot;hoverpause&quot;:false,&quot;show_slide_delay&quot;:0}\"  itemprop=\"image\" itemscope=\"itemscope\" itemtype=\"https:\/\/schema.org\/ImageObject\" ><ul class='avia-slideshow-inner ' style='padding-bottom: 28.666666666667%;'><li  class='avia-slideshow-slide av-6pf2a5-2d33e39fb7bc48387ce66229d4a8a2fe__0  av-single-slide slide-1 slide-odd'><div data-rel='slideshow-1' class='avia-slide-wrap '   ><img decoding=\"async\" fetchpriority=\"high\" class=\"wp-image-1805 avia-img-lazy-loading-not-1805\"  src=\"https:\/\/camping-dordogne.net\/wp-content\/uploads\/2018\/11\/header-plan-camping-1500x430.jpg\" width=\"1500\" height=\"430\" title='header-plan-camping' alt=''  itemprop=\"thumbnailUrl\"   \/><\/div><\/li><\/ul><\/div><\/div>\n<div id='full_slider_2'  class='avia-fullwidth-slider main_color avia-shadow av-desktop-hide av-medium-hide av-small-hide  avia-builder-el-1  el_after_av_slideshow_full  el_before_av_section   slider-not-first container_wrap sidebar_right'  ><div  class='avia-slideshow av-lo5jxhiq-af212dc92b44b4282958e82c27281dfe avia-slideshow-featured av_slideshow_full avia-fade-slider av-desktop-hide av-medium-hide av-small-hide av-slideshow-ui av-control-hidden av-no-slider-navigation av-hide-nav-arrows av-slideshow-autoplay av-loop-endless av-loop-manual-endless av-default-height-applied   avia-slideshow-2' data-slideshow-options=\"{&quot;animation&quot;:&quot;fade&quot;,&quot;autoplay&quot;:true,&quot;loop_autoplay&quot;:&quot;endless&quot;,&quot;interval&quot;:5,&quot;loop_manual&quot;:&quot;manual-endless&quot;,&quot;autoplay_stopper&quot;:false,&quot;noNavigation&quot;:true,&quot;bg_slider&quot;:false,&quot;keep_padding&quot;:false,&quot;hoverpause&quot;:false,&quot;show_slide_delay&quot;:0}\"  itemprop=\"image\" itemscope=\"itemscope\" itemtype=\"https:\/\/schema.org\/ImageObject\" ><ul class='avia-slideshow-inner ' style='padding-bottom: 28.75%;'><li  class='avia-slideshow-slide av-lo5jxhiq-af212dc92b44b4282958e82c27281dfe__0  av-single-slide slide-1 slide-odd'><div data-rel='slideshow-2' class='avia-slide-wrap '   ><img decoding=\"async\" fetchpriority=\"high\" class=\"wp-image-5235 avia-img-lazy-loading-not-5235\"  src=\"https:\/\/camping-dordogne.net\/wp-content\/uploads\/2023\/10\/header-plan-camping-1500x430-Mob.jpg\" width=\"400\" height=\"115\" title='header-plan-camping-1500x430-Mob' alt=''  itemprop=\"thumbnailUrl\" srcset=\"https:\/\/camping-dordogne.net\/wp-content\/uploads\/2023\/10\/header-plan-camping-1500x430-Mob.jpg 400w, https:\/\/camping-dordogne.net\/wp-content\/uploads\/2023\/10\/header-plan-camping-1500x430-Mob-300x86.jpg 300w\" sizes=\"(max-width: 400px) 100vw, 400px\" \/><\/div><\/li><\/ul><\/div><\/div>\n<div id='av_section_1'  class='avia-section av-66728t-ead60ac364a38c69cb3cd2c67222ae81 main_color avia-section-large avia-no-border-styling  avia-builder-el-2  el_after_av_slideshow_full  avia-builder-el-last  avia-bg-style-scroll container_wrap sidebar_right'  ><div class='container av-section-cont-open' ><div class='template-page content  av-content-small alpha units'><div class='post-entry post-entry-type-page post-entry-2212'><div class='entry-content-wrapper clearfix'>\n\n<style type=\"text\/css\" data-created_by=\"avia_inline_auto\" id=\"style-css-av-2paho4-631ab5b28b57fc1b224d112ed64a445b\">\n#top .av-special-heading.av-2paho4-631ab5b28b57fc1b224d112ed64a445b{\npadding-bottom:0;\n}\nbody .av-special-heading.av-2paho4-631ab5b28b57fc1b224d112ed64a445b .av-special-heading-tag .heading-char{\nfont-size:25px;\n}\n.av-special-heading.av-2paho4-631ab5b28b57fc1b224d112ed64a445b .av-subheading{\nfont-size:15px;\n}\n<\/style>\n<div  class='av-special-heading av-2paho4-631ab5b28b57fc1b224d112ed64a445b av-special-heading-h2 blockquote modern-quote modern-centered  avia-builder-el-3  el_before_av_image  avia-builder-el-first '><h2 class='av-special-heading-tag '  itemprop=\"headline\"  >Map of the campsite<\/h2><div class=\"special-heading-border\"><div class=\"special-heading-inner-border\"><\/div><\/div><\/div>\n\n<style type=\"text\/css\" data-created_by=\"avia_inline_auto\" id=\"style-css-av-jpbd3ljk-e0883fabaade41686fc0392ce3306103\">\n.avia-image-container.av-jpbd3ljk-e0883fabaade41686fc0392ce3306103 img.avia_image{\nbox-shadow:none;\n}\n.avia-image-container.av-jpbd3ljk-e0883fabaade41686fc0392ce3306103 .av-image-caption-overlay-center{\ncolor:#ffffff;\n}\n<\/style>\n<div  class='avia-image-container av-jpbd3ljk-e0883fabaade41686fc0392ce3306103 av-styling- av-img-linked avia-align-center  avia-builder-el-4  el_after_av_heading  el_before_av_image  av-mini-hide'   itemprop=\"image\" itemscope=\"itemscope\" itemtype=\"https:\/\/schema.org\/ImageObject\" ><div class=\"avia-image-container-inner\"><div class=\"avia-image-overlay-wrap\"><a href=\"https:\/\/camping-dordogne.net\/wp-content\/uploads\/2026\/03\/Plan-Camping-Peyrelevade-30-03-2026-HD.jpg\" class='avia_image '  target=\"_blank\"  rel=\"noopener noreferrer\" aria-label='Plan-camping-Peyrelevade-30-03-2026'><img decoding=\"async\" fetchpriority=\"high\" class='wp-image-1592620 avia-img-lazy-loading-not-1592620 avia_image ' src=\"https:\/\/camping-dordogne.net\/wp-content\/uploads\/2026\/03\/Plan-camping-Peyrelevade-30-03-2026.jpg\" alt='' title='Plan-camping-Peyrelevade-30-03-2026'  height=\"840\" width=\"1200\"  itemprop=\"thumbnailUrl\" srcset=\"https:\/\/camping-dordogne.net\/wp-content\/uploads\/2026\/03\/Plan-camping-Peyrelevade-30-03-2026.jpg 1200w, https:\/\/camping-dordogne.net\/wp-content\/uploads\/2026\/03\/Plan-camping-Peyrelevade-30-03-2026-300x210.jpg 300w, https:\/\/camping-dordogne.net\/wp-content\/uploads\/2026\/03\/Plan-camping-Peyrelevade-30-03-2026-1030x721.jpg 1030w, https:\/\/camping-dordogne.net\/wp-content\/uploads\/2026\/03\/Plan-camping-Peyrelevade-30-03-2026-768x538.jpg 768w, https:\/\/camping-dordogne.net\/wp-content\/uploads\/2026\/03\/Plan-camping-Peyrelevade-30-03-2026-705x494.jpg 705w\" sizes=\"(max-width: 1200px) 100vw, 1200px\" \/><\/a><\/div><\/div><\/div>\n\n<style type=\"text\/css\" data-created_by=\"avia_inline_auto\" id=\"style-css-av-lo5jy9z3-4efbb3392cddca6fd6087fb4fa84a2fb\">\n.avia-image-container.av-lo5jy9z3-4efbb3392cddca6fd6087fb4fa84a2fb img.avia_image{\nbox-shadow:none;\n}\n.avia-image-container.av-lo5jy9z3-4efbb3392cddca6fd6087fb4fa84a2fb .av-image-caption-overlay-center{\ncolor:#ffffff;\n}\n<\/style>\n<div  class='avia-image-container av-lo5jy9z3-4efbb3392cddca6fd6087fb4fa84a2fb av-styling- av-img-linked avia-align-center  avia-builder-el-5  el_after_av_image  el_before_av_hr  av-desktop-hide av-medium-hide av-small-hide'   itemprop=\"image\" itemscope=\"itemscope\" itemtype=\"https:\/\/schema.org\/ImageObject\" ><div class=\"avia-image-container-inner\"><div class=\"avia-image-overlay-wrap\"><a href=\"https:\/\/camping-dordogne.net\/wp-content\/uploads\/2026\/03\/Plan-Camping-Peyrelevade-30-03-2026-HD.jpg\" class='avia_image '  target=\"_blank\"  rel=\"noopener noreferrer\" aria-label='Plan-Camping-Peyrelevade-30-03-2026-Mob'><img decoding=\"async\" fetchpriority=\"high\" class='wp-image-1592623 avia-img-lazy-loading-not-1592623 avia_image ' src=\"https:\/\/camping-dordogne.net\/wp-content\/uploads\/2026\/03\/Plan-Camping-Peyrelevade-30-03-2026-Mob.jpg\" alt='' title='Plan-Camping-Peyrelevade-30-03-2026-Mob'  height=\"280\" width=\"400\"  itemprop=\"thumbnailUrl\" srcset=\"https:\/\/camping-dordogne.net\/wp-content\/uploads\/2026\/03\/Plan-Camping-Peyrelevade-30-03-2026-Mob.jpg 400w, https:\/\/camping-dordogne.net\/wp-content\/uploads\/2026\/03\/Plan-Camping-Peyrelevade-30-03-2026-Mob-300x210.jpg 300w\" sizes=\"(max-width: 400px) 100vw, 400px\" \/><\/a><\/div><\/div><\/div>\n\n<style type=\"text\/css\" data-created_by=\"avia_inline_auto\" id=\"style-css-av-5yam9x-04740de883819a7258f707f49dd93819\">\n#top .hr.av-5yam9x-04740de883819a7258f707f49dd93819{\nmargin-top:5px;\nmargin-bottom:15px;\n}\n.hr.av-5yam9x-04740de883819a7258f707f49dd93819 .hr-inner{\nwidth:50px;\nborder-color:#97bf0d;\n}\n<\/style>\n<div  class='hr av-5yam9x-04740de883819a7258f707f49dd93819 hr-custom  avia-builder-el-6  el_after_av_image  avia-builder-el-last  hr-center hr-icon-no'><span class='hr-inner inner-border-av-border-fat'><span class=\"hr-inner-style\"><\/span><\/span><\/div>\n<\/div><\/div><\/div><!-- close content main div --><\/div><\/div><div id='after_section_1'  class='main_color av_default_container_wrap container_wrap sidebar_right'  ><div class='container av-section-cont-open' ><div class='template-page content  av-content-small alpha units'><div class='post-entry post-entry-type-page post-entry-2212'><div class='entry-content-wrapper clearfix'>\n","protected":false},"excerpt":{"rendered":"","protected":false},"author":1,"featured_media":0,"parent":0,"menu_order":0,"comment_status":"closed","ping_status":"closed","template":"","meta":{"footnotes":""},"class_list":["post-2212","page","type-page","status-publish","hentry"],"yoast_head":"<!-- This site is optimized with the Yoast SEO plugin v27.3 - https:\/\/yoast.com\/product\/yoast-seo-wordpress\/ -->\n<title>Map of the campsite 4 stars in Dordogne in Brant\u00f4me in P\u00e9rigord (24)<\/title>\n<meta name=\"description\" content=\"Map of the campsite **** Peyrelevade, pitches, mobile homes, equipped tents by the river in Brant\u00f4me in the Dordogne region 24\" \/>\n<meta name=\"robots\" content=\"index, follow, max-snippet:-1, max-image-preview:large, max-video-preview:-1\" \/>\n<link rel=\"canonical\" href=\"https:\/\/camping-dordogne.net\/en\/map-of-the-campsite\/\" \/>\n<meta property=\"og:locale\" content=\"en_US\" \/>\n<meta property=\"og:type\" content=\"article\" \/>\n<meta property=\"og:title\" content=\"Map of the campsite 4 stars in Dordogne in Brant\u00f4me in P\u00e9rigord (24)\" \/>\n<meta property=\"og:description\" content=\"Map of the campsite **** Peyrelevade, pitches, mobile homes, equipped tents by the river in Brant\u00f4me in the Dordogne region 24\" \/>\n<meta property=\"og:url\" content=\"https:\/\/camping-dordogne.net\/en\/map-of-the-campsite\/\" \/>\n<meta property=\"og:site_name\" content=\"Camping Brant\u00f4me Peyrelevade\" \/>\n<meta property=\"article:publisher\" content=\"https:\/\/www.facebook.com\/campingBrantomeenPerigordPeyrelevadeDordogne\/\" \/>\n<meta property=\"article:modified_time\" content=\"2026-03-30T16:08:24+00:00\" \/>\n<meta name=\"twitter:card\" content=\"summary_large_image\" \/>\n<meta name=\"twitter:label1\" content=\"Est. reading time\" \/>\n\t<meta name=\"twitter:data1\" content=\"1 minute\" \/>\n<script type=\"application\/ld+json\" class=\"yoast-schema-graph\">{\"@context\":\"https:\\\/\\\/schema.org\",\"@graph\":[{\"@type\":\"WebPage\",\"@id\":\"https:\\\/\\\/camping-dordogne.net\\\/en\\\/map-of-the-campsite\\\/\",\"url\":\"https:\\\/\\\/camping-dordogne.net\\\/en\\\/map-of-the-campsite\\\/\",\"name\":\"Map of the campsite 4 stars in Dordogne in Brant\u00f4me in P\u00e9rigord (24)\",\"isPartOf\":{\"@id\":\"https:\\\/\\\/camping-dordogne.net\\\/en\\\/#website\"},\"datePublished\":\"2018-11-12T16:52:28+00:00\",\"dateModified\":\"2026-03-30T16:08:24+00:00\",\"description\":\"Map of the campsite **** Peyrelevade, pitches, mobile homes, equipped tents by the river in Brant\u00f4me in the Dordogne region 24\",\"breadcrumb\":{\"@id\":\"https:\\\/\\\/camping-dordogne.net\\\/en\\\/map-of-the-campsite\\\/#breadcrumb\"},\"inLanguage\":\"en-US\",\"potentialAction\":[{\"@type\":\"ReadAction\",\"target\":[\"https:\\\/\\\/camping-dordogne.net\\\/en\\\/map-of-the-campsite\\\/\"]}]},{\"@type\":\"BreadcrumbList\",\"@id\":\"https:\\\/\\\/camping-dordogne.net\\\/en\\\/map-of-the-campsite\\\/#breadcrumb\",\"itemListElement\":[{\"@type\":\"ListItem\",\"position\":1,\"name\":\"Accueil\",\"item\":\"https:\\\/\\\/camping-dordogne.net\\\/en\\\/\"},{\"@type\":\"ListItem\",\"position\":2,\"name\":\"Map of the campsite\"}]},{\"@type\":\"WebSite\",\"@id\":\"https:\\\/\\\/camping-dordogne.net\\\/en\\\/#website\",\"url\":\"https:\\\/\\\/camping-dordogne.net\\\/en\\\/\",\"name\":\"Camping Brant\u00f4me Peyrelevade\",\"description\":\"Camping 3 \u00e9toiles en Dordogne P\u00e9rigord\",\"potentialAction\":[{\"@type\":\"SearchAction\",\"target\":{\"@type\":\"EntryPoint\",\"urlTemplate\":\"https:\\\/\\\/camping-dordogne.net\\\/en\\\/?s={search_term_string}\"},\"query-input\":{\"@type\":\"PropertyValueSpecification\",\"valueRequired\":true,\"valueName\":\"search_term_string\"}}],\"inLanguage\":\"en-US\"}]}<\/script>\n<!-- \/ Yoast SEO plugin. -->","yoast_head_json":{"title":"Map of the campsite 4 stars in Dordogne in Brant\u00f4me in P\u00e9rigord (24)","description":"Map of the campsite **** Peyrelevade, pitches, mobile homes, equipped tents by the river in Brant\u00f4me in the Dordogne region 24","robots":{"index":"index","follow":"follow","max-snippet":"max-snippet:-1","max-image-preview":"max-image-preview:large","max-video-preview":"max-video-preview:-1"},"canonical":"https:\/\/camping-dordogne.net\/en\/map-of-the-campsite\/","og_locale":"en_US","og_type":"article","og_title":"Map of the campsite 4 stars in Dordogne in Brant\u00f4me in P\u00e9rigord (24)","og_description":"Map of the campsite **** Peyrelevade, pitches, mobile homes, equipped tents by the river in Brant\u00f4me in the Dordogne region 24","og_url":"https:\/\/camping-dordogne.net\/en\/map-of-the-campsite\/","og_site_name":"Camping Brant\u00f4me Peyrelevade","article_publisher":"https:\/\/www.facebook.com\/campingBrantomeenPerigordPeyrelevadeDordogne\/","article_modified_time":"2026-03-30T16:08:24+00:00","twitter_card":"summary_large_image","twitter_misc":{"Est. reading time":"1 minute"},"schema":{"@context":"https:\/\/schema.org","@graph":[{"@type":"WebPage","@id":"https:\/\/camping-dordogne.net\/en\/map-of-the-campsite\/","url":"https:\/\/camping-dordogne.net\/en\/map-of-the-campsite\/","name":"Map of the campsite 4 stars in Dordogne in Brant\u00f4me in P\u00e9rigord (24)","isPartOf":{"@id":"https:\/\/camping-dordogne.net\/en\/#website"},"datePublished":"2018-11-12T16:52:28+00:00","dateModified":"2026-03-30T16:08:24+00:00","description":"Map of the campsite **** Peyrelevade, pitches, mobile homes, equipped tents by the river in Brant\u00f4me in the Dordogne region 24","breadcrumb":{"@id":"https:\/\/camping-dordogne.net\/en\/map-of-the-campsite\/#breadcrumb"},"inLanguage":"en-US","potentialAction":[{"@type":"ReadAction","target":["https:\/\/camping-dordogne.net\/en\/map-of-the-campsite\/"]}]},{"@type":"BreadcrumbList","@id":"https:\/\/camping-dordogne.net\/en\/map-of-the-campsite\/#breadcrumb","itemListElement":[{"@type":"ListItem","position":1,"name":"Accueil","item":"https:\/\/camping-dordogne.net\/en\/"},{"@type":"ListItem","position":2,"name":"Map of the campsite"}]},{"@type":"WebSite","@id":"https:\/\/camping-dordogne.net\/en\/#website","url":"https:\/\/camping-dordogne.net\/en\/","name":"Camping Brant\u00f4me Peyrelevade","description":"Camping 3 \u00e9toiles en Dordogne P\u00e9rigord","potentialAction":[{"@type":"SearchAction","target":{"@type":"EntryPoint","urlTemplate":"https:\/\/camping-dordogne.net\/en\/?s={search_term_string}"},"query-input":{"@type":"PropertyValueSpecification","valueRequired":true,"valueName":"search_term_string"}}],"inLanguage":"en-US"}]}},"_links":{"self":[{"href":"https:\/\/camping-dordogne.net\/en\/wp-json\/wp\/v2\/pages\/2212","targetHints":{"allow":["GET"]}}],"collection":[{"href":"https:\/\/camping-dordogne.net\/en\/wp-json\/wp\/v2\/pages"}],"about":[{"href":"https:\/\/camping-dordogne.net\/en\/wp-json\/wp\/v2\/types\/page"}],"author":[{"embeddable":true,"href":"https:\/\/camping-dordogne.net\/en\/wp-json\/wp\/v2\/users\/1"}],"replies":[{"embeddable":true,"href":"https:\/\/camping-dordogne.net\/en\/wp-json\/wp\/v2\/comments?post=2212"}],"version-history":[{"count":1,"href":"https:\/\/camping-dordogne.net\/en\/wp-json\/wp\/v2\/pages\/2212\/revisions"}],"predecessor-version":[{"id":1592650,"href":"https:\/\/camping-dordogne.net\/en\/wp-json\/wp\/v2\/pages\/2212\/revisions\/1592650"}],"wp:attachment":[{"href":"https:\/\/camping-dordogne.net\/en\/wp-json\/wp\/v2\/media?parent=2212"}],"curies":[{"name":"wp","href":"https:\/\/api.w.org\/{rel}","templated":true}]}}