{"id":2226,"date":"2018-11-13T18:24:53","date_gmt":"2018-11-13T17:24:53","guid":{"rendered":"http:\/\/camping-dordogne.net\/baignade-dans-la-riviere\/"},"modified":"2025-05-19T17:17:22","modified_gmt":"2025-05-19T15:17:22","slug":"bathing-in-the-river","status":"publish","type":"page","link":"https:\/\/camping-dordogne.net\/en\/bathing-in-the-river\/","title":{"rendered":"Bathing in the river"},"content":{"rendered":"<div id='full_slider_1'  class='avia-fullwidth-slider main_color avia-shadow av-mini-hide  avia-builder-el-0  el_before_av_slideshow_full  avia-builder-el-first   container_wrap sidebar_right'  ><div  class='avia-slideshow av-6pf2a5-0888728bfd7e588a56b5e718c6a2cef8 avia-slideshow-no scaling av_slideshow_full avia-fade-slider av-mini-hide av-slideshow-ui av-control-hidden av-no-slider-navigation av-hide-nav-arrows av-slideshow-autoplay av-loop-endless av-loop-manual-endless av-default-height-applied   avia-slideshow-1' data-slideshow-options=\"{&quot;animation&quot;:&quot;fade&quot;,&quot;autoplay&quot;:true,&quot;loop_autoplay&quot;:&quot;endless&quot;,&quot;interval&quot;:5,&quot;loop_manual&quot;:&quot;manual-endless&quot;,&quot;autoplay_stopper&quot;:false,&quot;noNavigation&quot;:true,&quot;bg_slider&quot;:false,&quot;keep_padding&quot;:false,&quot;hoverpause&quot;:false,&quot;show_slide_delay&quot;:0}\"  itemprop=\"image\" itemscope=\"itemscope\" itemtype=\"https:\/\/schema.org\/ImageObject\" ><ul class='avia-slideshow-inner ' style='padding-bottom: 40%;'><li  class='avia-slideshow-slide av-6pf2a5-0888728bfd7e588a56b5e718c6a2cef8__0  av-single-slide slide-1 slide-odd'><div data-rel='slideshow-1' class='avia-slide-wrap '   ><img decoding=\"async\" fetchpriority=\"high\" class=\"wp-image-1871 avia-img-lazy-loading-not-1871\"  src=\"https:\/\/camping-dordogne.net\/wp-content\/uploads\/2018\/11\/header-baignade-3.jpg\" width=\"1500\" height=\"600\" title='header-baignade-3' alt=''  itemprop=\"thumbnailUrl\" srcset=\"https:\/\/camping-dordogne.net\/wp-content\/uploads\/2018\/11\/header-baignade-3.jpg 1500w, https:\/\/camping-dordogne.net\/wp-content\/uploads\/2018\/11\/header-baignade-3-300x120.jpg 300w, https:\/\/camping-dordogne.net\/wp-content\/uploads\/2018\/11\/header-baignade-3-768x307.jpg 768w, https:\/\/camping-dordogne.net\/wp-content\/uploads\/2018\/11\/header-baignade-3-1030x412.jpg 1030w, https:\/\/camping-dordogne.net\/wp-content\/uploads\/2018\/11\/header-baignade-3-705x282.jpg 705w, https:\/\/camping-dordogne.net\/wp-content\/uploads\/2018\/11\/header-baignade-3-450x180.jpg 450w\" sizes=\"(max-width: 1500px) 100vw, 1500px\" \/><\/div><\/li><\/ul><\/div><\/div>\n<div id='full_slider_2'  class='avia-fullwidth-slider main_color avia-shadow av-desktop-hide av-medium-hide av-small-hide  avia-builder-el-1  el_after_av_slideshow_full  el_before_av_section   slider-not-first container_wrap sidebar_right'  ><div  class='avia-slideshow av-lo5kxaai-e636c290b7400c429de5ff8fa38399e9 avia-slideshow-no scaling av_slideshow_full avia-fade-slider av-desktop-hide av-medium-hide av-small-hide av-slideshow-ui av-control-hidden av-no-slider-navigation av-hide-nav-arrows av-slideshow-autoplay av-loop-endless av-loop-manual-endless av-default-height-applied   avia-slideshow-2' data-slideshow-options=\"{&quot;animation&quot;:&quot;fade&quot;,&quot;autoplay&quot;:true,&quot;loop_autoplay&quot;:&quot;endless&quot;,&quot;interval&quot;:5,&quot;loop_manual&quot;:&quot;manual-endless&quot;,&quot;autoplay_stopper&quot;:false,&quot;noNavigation&quot;:true,&quot;bg_slider&quot;:false,&quot;keep_padding&quot;:false,&quot;hoverpause&quot;:false,&quot;show_slide_delay&quot;:0}\"  itemprop=\"image\" itemscope=\"itemscope\" itemtype=\"https:\/\/schema.org\/ImageObject\" ><ul class='avia-slideshow-inner ' style='padding-bottom: 40%;'><li  class='avia-slideshow-slide av-lo5kxaai-e636c290b7400c429de5ff8fa38399e9__0  av-single-slide slide-1 slide-odd'><div data-rel='slideshow-2' class='avia-slide-wrap '   ><img decoding=\"async\" fetchpriority=\"high\" class=\"wp-image-5260 avia-img-lazy-loading-not-5260\"  src=\"https:\/\/camping-dordogne.net\/wp-content\/uploads\/2023\/10\/header-baignade-3-Mob.jpg\" width=\"400\" height=\"160\" title='header-baignade-3-Mob' alt=''  itemprop=\"thumbnailUrl\" srcset=\"https:\/\/camping-dordogne.net\/wp-content\/uploads\/2023\/10\/header-baignade-3-Mob.jpg 400w, https:\/\/camping-dordogne.net\/wp-content\/uploads\/2023\/10\/header-baignade-3-Mob-300x120.jpg 300w\" sizes=\"(max-width: 400px) 100vw, 400px\" \/><\/div><\/li><\/ul><\/div><\/div>\n<div id='av_section_1'  class='avia-section av-66728t-2701b4568a8f827ecbccac78cef6991c main_color avia-section-default avia-no-border-styling  avia-builder-el-2  el_after_av_slideshow_full  el_before_av_slideshow_full  avia-bg-style-scroll container_wrap sidebar_right'  ><div class='container av-section-cont-open' ><div class='template-page content  av-content-small alpha units'><div class='post-entry post-entry-type-page post-entry-2226'><div class='entry-content-wrapper clearfix'>\n\n<style type=\"text\/css\" data-created_by=\"avia_inline_auto\" id=\"style-css-av-jq6kfj72-5df8b6852d9b7151a448422bd3663b50\">\n#top .av-special-heading.av-jq6kfj72-5df8b6852d9b7151a448422bd3663b50{\npadding-bottom:0;\nfont-size:28px;\n}\nbody .av-special-heading.av-jq6kfj72-5df8b6852d9b7151a448422bd3663b50 .av-special-heading-tag .heading-char{\nfont-size:25px;\n}\n#top #wrap_all .av-special-heading.av-jq6kfj72-5df8b6852d9b7151a448422bd3663b50 .av-special-heading-tag{\nfont-size:28px;\n}\n.av-special-heading.av-jq6kfj72-5df8b6852d9b7151a448422bd3663b50 .av-subheading{\nfont-size:15px;\n}\n\n@media only screen and (min-width: 480px) and (max-width: 767px){ \n#top #wrap_all .av-special-heading.av-jq6kfj72-5df8b6852d9b7151a448422bd3663b50 .av-special-heading-tag{\nfont-size:0.8em;\n}\n}\n\n@media only screen and (max-width: 479px){ \n#top #wrap_all .av-special-heading.av-jq6kfj72-5df8b6852d9b7151a448422bd3663b50 .av-special-heading-tag{\nfont-size:0.8em;\n}\n}\n<\/style>\n<div  class='av-special-heading av-jq6kfj72-5df8b6852d9b7151a448422bd3663b50 av-special-heading-h1 blockquote modern-quote modern-centered  avia-builder-el-3  el_before_av_hr  avia-builder-el-first  av-inherit-size'><h1 class='av-special-heading-tag '  itemprop=\"headline\"  >Bathing in the river at Camping Brant\u00f4me Peyrelevade<\/h1><div class=\"special-heading-border\"><div class=\"special-heading-inner-border\"><\/div><\/div><\/div>\n\n<style type=\"text\/css\" data-created_by=\"avia_inline_auto\" id=\"style-css-av-5yam9x-3513992e58659660248631913dbd9d32\">\n#top .hr.av-5yam9x-3513992e58659660248631913dbd9d32{\nmargin-top:5px;\nmargin-bottom:15px;\n}\n.hr.av-5yam9x-3513992e58659660248631913dbd9d32 .hr-inner{\nwidth:50px;\nborder-color:#39a9dc;\n}\n<\/style>\n<div  class='hr av-5yam9x-3513992e58659660248631913dbd9d32 hr-custom  avia-builder-el-4  el_after_av_heading  el_before_av_textblock  hr-center hr-icon-no'><span class='hr-inner inner-border-av-border-fat'><span class=\"hr-inner-style\"><\/span><\/span><\/div>\n\n<style type=\"text\/css\" data-created_by=\"avia_inline_auto\" id=\"style-css-av-jo7dildt-895ce1bb4560a217f936a18a0948a867\">\n#top .av_textblock_section.av-jo7dildt-895ce1bb4560a217f936a18a0948a867 .avia_textblock{\nfont-size:18px;\ncolor:#919191;\n}\n<\/style>\n<section  class='av_textblock_section av-jo7dildt-895ce1bb4560a217f936a18a0948a867 '   itemscope=\"itemscope\" itemtype=\"https:\/\/schema.org\/CreativeWork\" ><div class='avia_textblock av_inherit_color'  itemprop=\"text\" ><p style=\"text-align: center;\">Our campsite in the Dordogne is lucky enough to be crossed by the river Dronne, which is a fantastic playground for children. It really is a joy to be able to play surrounded by nature and, especially, to cool off from the P\u00e9rigord sunshine in the cool waters of the river.<\/p>\n<\/div><\/section>\n<\/div><\/div><\/div><!-- close content main div --><\/div><\/div><div id='full_slider_3'  class='avia-fullwidth-slider main_color avia-shadow   avia-builder-el-6  el_after_av_section  el_before_av_section   slider-not-first container_wrap sidebar_right'  ><div  class='avia-slideshow av-6pf2a5-53506fe3bc41fa5fd41fdf16c9f5790a avia-slideshow-no scaling av_slideshow_full avia-fade-slider av-slideshow-ui av-control-default av-slideshow-autoplay av-loop-endless av-loop-manual-endless av-default-height-applied   avia-slideshow-3' data-slideshow-options=\"{&quot;animation&quot;:&quot;fade&quot;,&quot;autoplay&quot;:true,&quot;loop_autoplay&quot;:&quot;endless&quot;,&quot;interval&quot;:3,&quot;loop_manual&quot;:&quot;manual-endless&quot;,&quot;autoplay_stopper&quot;:false,&quot;noNavigation&quot;:false,&quot;bg_slider&quot;:false,&quot;keep_padding&quot;:false,&quot;hoverpause&quot;:false,&quot;show_slide_delay&quot;:0}\"  itemprop=\"image\" itemscope=\"itemscope\" itemtype=\"https:\/\/schema.org\/ImageObject\" ><ul class='avia-slideshow-inner ' style='padding-bottom: 40%;'><li  class='avia-slideshow-slide av-6pf2a5-53506fe3bc41fa5fd41fdf16c9f5790a__0  slide-1 slide-odd'><div data-rel='slideshow-3' class='avia-slide-wrap '   ><img decoding=\"async\" fetchpriority=\"high\" class=\"wp-image-1875 avia-img-lazy-loading-not-1875\"  src=\"https:\/\/camping-dordogne.net\/wp-content\/uploads\/2018\/11\/header-baignade-5.jpg\" width=\"1500\" height=\"600\" title='header-baignade-5' alt=''  itemprop=\"thumbnailUrl\" srcset=\"https:\/\/camping-dordogne.net\/wp-content\/uploads\/2018\/11\/header-baignade-5.jpg 1500w, https:\/\/camping-dordogne.net\/wp-content\/uploads\/2018\/11\/header-baignade-5-300x120.jpg 300w, https:\/\/camping-dordogne.net\/wp-content\/uploads\/2018\/11\/header-baignade-5-768x307.jpg 768w, https:\/\/camping-dordogne.net\/wp-content\/uploads\/2018\/11\/header-baignade-5-1030x412.jpg 1030w, https:\/\/camping-dordogne.net\/wp-content\/uploads\/2018\/11\/header-baignade-5-705x282.jpg 705w, https:\/\/camping-dordogne.net\/wp-content\/uploads\/2018\/11\/header-baignade-5-450x180.jpg 450w\" sizes=\"(max-width: 1500px) 100vw, 1500px\" \/><\/div><\/li><li  class='avia-slideshow-slide av-6pf2a5-53506fe3bc41fa5fd41fdf16c9f5790a__1  slide-2 slide-even'><div data-rel='slideshow-3' class='avia-slide-wrap '   ><img decoding=\"async\" fetchpriority=\"high\" class=\"wp-image-1867 avia-img-lazy-loading-not-1867\"  src=\"https:\/\/camping-dordogne.net\/wp-content\/uploads\/2018\/11\/header-baignade.jpg\" width=\"1500\" height=\"600\" title='header-baignade' alt=''  itemprop=\"thumbnailUrl\" srcset=\"https:\/\/camping-dordogne.net\/wp-content\/uploads\/2018\/11\/header-baignade.jpg 1500w, https:\/\/camping-dordogne.net\/wp-content\/uploads\/2018\/11\/header-baignade-300x120.jpg 300w, https:\/\/camping-dordogne.net\/wp-content\/uploads\/2018\/11\/header-baignade-768x307.jpg 768w, https:\/\/camping-dordogne.net\/wp-content\/uploads\/2018\/11\/header-baignade-1030x412.jpg 1030w, https:\/\/camping-dordogne.net\/wp-content\/uploads\/2018\/11\/header-baignade-705x282.jpg 705w, https:\/\/camping-dordogne.net\/wp-content\/uploads\/2018\/11\/header-baignade-450x180.jpg 450w\" sizes=\"(max-width: 1500px) 100vw, 1500px\" \/><\/div><\/li><li  class='avia-slideshow-slide av-6pf2a5-53506fe3bc41fa5fd41fdf16c9f5790a__2  slide-3 slide-odd'><div data-rel='slideshow-3' class='avia-slide-wrap '   ><img decoding=\"async\" fetchpriority=\"high\" class=\"wp-image-1877 avia-img-lazy-loading-not-1877\"  src=\"https:\/\/camping-dordogne.net\/wp-content\/uploads\/2018\/11\/header-baignade-7.jpg\" width=\"1500\" height=\"600\" title='header-baignade-7' alt=''  itemprop=\"thumbnailUrl\" srcset=\"https:\/\/camping-dordogne.net\/wp-content\/uploads\/2018\/11\/header-baignade-7.jpg 1500w, https:\/\/camping-dordogne.net\/wp-content\/uploads\/2018\/11\/header-baignade-7-300x120.jpg 300w, https:\/\/camping-dordogne.net\/wp-content\/uploads\/2018\/11\/header-baignade-7-768x307.jpg 768w, https:\/\/camping-dordogne.net\/wp-content\/uploads\/2018\/11\/header-baignade-7-1030x412.jpg 1030w, https:\/\/camping-dordogne.net\/wp-content\/uploads\/2018\/11\/header-baignade-7-705x282.jpg 705w, https:\/\/camping-dordogne.net\/wp-content\/uploads\/2018\/11\/header-baignade-7-450x180.jpg 450w\" sizes=\"(max-width: 1500px) 100vw, 1500px\" \/><\/div><\/li><li  class='avia-slideshow-slide av-6pf2a5-53506fe3bc41fa5fd41fdf16c9f5790a__3  slide-4 slide-even'><div data-rel='slideshow-3' class='avia-slide-wrap '   ><img decoding=\"async\" fetchpriority=\"high\" class=\"wp-image-1869 avia-img-lazy-loading-not-1869\"  src=\"https:\/\/camping-dordogne.net\/wp-content\/uploads\/2018\/11\/header-baignade-2.jpg\" width=\"1500\" height=\"600\" title='header-baignade-2' alt=''  itemprop=\"thumbnailUrl\" srcset=\"https:\/\/camping-dordogne.net\/wp-content\/uploads\/2018\/11\/header-baignade-2.jpg 1500w, https:\/\/camping-dordogne.net\/wp-content\/uploads\/2018\/11\/header-baignade-2-300x120.jpg 300w, https:\/\/camping-dordogne.net\/wp-content\/uploads\/2018\/11\/header-baignade-2-768x307.jpg 768w, https:\/\/camping-dordogne.net\/wp-content\/uploads\/2018\/11\/header-baignade-2-1030x412.jpg 1030w, https:\/\/camping-dordogne.net\/wp-content\/uploads\/2018\/11\/header-baignade-2-705x282.jpg 705w, https:\/\/camping-dordogne.net\/wp-content\/uploads\/2018\/11\/header-baignade-2-450x180.jpg 450w\" sizes=\"(max-width: 1500px) 100vw, 1500px\" \/><\/div><\/li><li  class='avia-slideshow-slide av-6pf2a5-53506fe3bc41fa5fd41fdf16c9f5790a__4  slide-5 slide-odd'><div data-rel='slideshow-3' class='avia-slide-wrap '   ><img decoding=\"async\" fetchpriority=\"high\" class=\"wp-image-1879 avia-img-lazy-loading-not-1879\"  src=\"https:\/\/camping-dordogne.net\/wp-content\/uploads\/2018\/11\/header-baignade-8.jpg\" width=\"1500\" height=\"600\" title='header-baignade-8' alt=''  itemprop=\"thumbnailUrl\" srcset=\"https:\/\/camping-dordogne.net\/wp-content\/uploads\/2018\/11\/header-baignade-8.jpg 1500w, https:\/\/camping-dordogne.net\/wp-content\/uploads\/2018\/11\/header-baignade-8-300x120.jpg 300w, https:\/\/camping-dordogne.net\/wp-content\/uploads\/2018\/11\/header-baignade-8-768x307.jpg 768w, https:\/\/camping-dordogne.net\/wp-content\/uploads\/2018\/11\/header-baignade-8-1030x412.jpg 1030w, https:\/\/camping-dordogne.net\/wp-content\/uploads\/2018\/11\/header-baignade-8-705x282.jpg 705w, https:\/\/camping-dordogne.net\/wp-content\/uploads\/2018\/11\/header-baignade-8-450x180.jpg 450w\" sizes=\"(max-width: 1500px) 100vw, 1500px\" \/><\/div><\/li><\/ul><div class='avia-slideshow-arrows avia-slideshow-controls' ><a href='#prev' class='prev-slide  avia-svg-icon avia-font-svg_entypo-fontello' data-av_svg_icon='left-open-big' data-av_iconset='svg_entypo-fontello' tabindex='-1' title=\"Previous\"><svg version=\"1.1\" xmlns=\"http:\/\/www.w3.org\/2000\/svg\" width=\"15\" height=\"32\" viewBox=\"0 0 15 32\" preserveAspectRatio=\"xMidYMid meet\" aria-labelledby='av-svg-title-1' aria-describedby='av-svg-desc-1' role=\"graphics-symbol\" aria-hidden=\"true\">\n<title id='av-svg-title-1'>Previous<\/title>\n<desc id='av-svg-desc-1'>Previous<\/desc>\n<path d=\"M14.464 27.84q0.832 0.832 0 1.536-0.832 0.832-1.536 0l-12.544-12.608q-0.768-0.768 0-1.6l12.544-12.608q0.704-0.832 1.536 0 0.832 0.704 0 1.536l-11.456 11.904z\"><\/path>\n<\/svg><span class='avia_hidden_link_text'>Previous<\/span><\/a><a href='#next' class='next-slide  avia-svg-icon avia-font-svg_entypo-fontello' data-av_svg_icon='right-open-big' data-av_iconset='svg_entypo-fontello' tabindex='-1' title=\"Next\"><svg version=\"1.1\" xmlns=\"http:\/\/www.w3.org\/2000\/svg\" width=\"15\" height=\"32\" viewBox=\"0 0 15 32\" preserveAspectRatio=\"xMidYMid meet\" aria-labelledby='av-svg-title-2' aria-describedby='av-svg-desc-2' role=\"graphics-symbol\" aria-hidden=\"true\">\n<title id='av-svg-title-2'>Next<\/title>\n<desc id='av-svg-desc-2'>Next<\/desc>\n<path d=\"M0.416 27.84l11.456-11.84-11.456-11.904q-0.832-0.832 0-1.536 0.832-0.832 1.536 0l12.544 12.608q0.768 0.832 0 1.6l-12.544 12.608q-0.704 0.832-1.536 0-0.832-0.704 0-1.536z\"><\/path>\n<\/svg><span class='avia_hidden_link_text'>Next<\/span><\/a><\/div><div class='avia-slideshow-dots avia-slideshow-controls'><a href='#1' class='goto-slide active' >1<\/a><a href='#2' class='goto-slide ' >2<\/a><a href='#3' class='goto-slide ' >3<\/a><a href='#4' class='goto-slide ' >4<\/a><a href='#5' class='goto-slide ' >5<\/a><\/div><\/div><\/div><\/p>\n\n<style type=\"text\/css\" data-created_by=\"avia_inline_auto\" id=\"style-css-av-jog22xb3-c25e42744c547d48f3ce6d45c2b621cf\">\n.avia-section.av-jog22xb3-c25e42744c547d48f3ce6d45c2b621cf{\nbackground-color:#f8f8f8;\nbackground-image:unset;\n}\n<\/style>\n<div id='av_section_2'  class='avia-section av-jog22xb3-c25e42744c547d48f3ce6d45c2b621cf main_color avia-section-default avia-no-border-styling  avia-builder-el-7  el_after_av_slideshow_full  avia-builder-el-last  avia-bg-style-scroll container_wrap sidebar_right'  ><div class='container av-section-cont-open' ><div class='template-page content  av-content-small alpha units'><div class='post-entry post-entry-type-page post-entry-2226'><div class='entry-content-wrapper clearfix'>\n\n<style type=\"text\/css\" data-created_by=\"avia_inline_auto\" id=\"style-css-av-gl07v-381ac281d6e2ef8c9ac9608d3079eb1b\">\n.flex_column.av-gl07v-381ac281d6e2ef8c9ac9608d3079eb1b{\nborder-radius:0px 0px 0px 0px;\npadding:0px 0px 0px 0px;\n}\n<\/style>\n<div  class='flex_column av-gl07v-381ac281d6e2ef8c9ac9608d3079eb1b av_one_half  avia-builder-el-8  el_before_av_one_half  avia-builder-el-first  first flex_column_div av-zero-column-padding  '     ><style type=\"text\/css\" data-created_by=\"avia_inline_auto\" id=\"style-css-av-jo7dildt-895ce1bb4560a217f936a18a0948a867\">\n#top .av_textblock_section.av-jo7dildt-895ce1bb4560a217f936a18a0948a867 .avia_textblock{\nfont-size:18px;\ncolor:#919191;\n}\n<\/style>\n<section  class='av_textblock_section av-jo7dildt-895ce1bb4560a217f936a18a0948a867 '   itemscope=\"itemscope\" itemtype=\"https:\/\/schema.org\/CreativeWork\" ><div class='avia_textblock av_inherit_color'  itemprop=\"text\" ><p style=\"text-align: center;\">The wooden pontoon is often busier than the campsite&#8217;s water park. The quality of the river water together with its pebble bed (water shoes are recommended) make the river Dronne a playground that is particularly appreciated by our young campers as well as their parents; together they can build stone dams and have rubber ring races.<\/p>\n<\/div><\/section><\/div>\n<style type=\"text\/css\" data-created_by=\"avia_inline_auto\" id=\"style-css-av-2z6r-c68322ee6511fb9476d0a4568e4b7fc5\">\n.flex_column.av-2z6r-c68322ee6511fb9476d0a4568e4b7fc5{\nborder-radius:0px 0px 0px 0px;\npadding:0px 0px 0px 0px;\n}\n<\/style>\n<div  class='flex_column av-2z6r-c68322ee6511fb9476d0a4568e4b7fc5 av_one_half  avia-builder-el-10  el_after_av_one_half  avia-builder-el-last  flex_column_div av-zero-column-padding  '     ><style type=\"text\/css\" data-created_by=\"avia_inline_auto\" id=\"style-css-av-jo7dildt-895ce1bb4560a217f936a18a0948a867\">\n#top .av_textblock_section.av-jo7dildt-895ce1bb4560a217f936a18a0948a867 .avia_textblock{\nfont-size:18px;\ncolor:#919191;\n}\n<\/style>\n<section  class='av_textblock_section av-jo7dildt-895ce1bb4560a217f936a18a0948a867 '   itemscope=\"itemscope\" itemtype=\"https:\/\/schema.org\/CreativeWork\" ><div class='avia_textblock av_inherit_color'  itemprop=\"text\" ><p style=\"text-align: center;\">Younger children can enjoy making sandcastles on the white sandy beach (we&#8217;re in the Dordogne!) whilst the older children are in the water.<br \/>\nAnd why not &#8216;go with the flow&#8217;? Whether you&#8217;re on a boat or a rubber ring, let the river take you to Brant\u00f4me, or maybe even further if you&#8217;re feeling more adventurous.<\/p>\n<\/div><\/section><\/div>\n<\/div><\/div><\/div><!-- close content main div --><\/div><\/div><div id='after_section_2'  class='main_color av_default_container_wrap container_wrap sidebar_right'  ><div class='container av-section-cont-open' ><div class='template-page content  av-content-small alpha units'><div class='post-entry post-entry-type-page post-entry-2226'><div class='entry-content-wrapper clearfix'>\n","protected":false},"excerpt":{"rendered":"","protected":false},"author":1,"featured_media":0,"parent":0,"menu_order":0,"comment_status":"closed","ping_status":"closed","template":"","meta":{"footnotes":""},"class_list":["post-2226","page","type-page","status-publish","hentry"],"yoast_head":"<!-- This site is optimized with the Yoast SEO plugin v27.4 - https:\/\/yoast.com\/product\/yoast-seo-wordpress\/ -->\n<title>Camping in the Dordogne, swimming in the river in Brant\u00f4me in P\u00e9rigord, beach, canoeing, fishing<\/title>\n<meta name=\"description\" content=\"Enjoy swimming by the river at Camping Brant\u00f4me Peyrelevade, its sandy beach, canoeing or fishing. Book in our campsite in the Dordogne by the river.\" \/>\n<meta name=\"robots\" content=\"index, follow, max-snippet:-1, max-image-preview:large, max-video-preview:-1\" \/>\n<link rel=\"canonical\" href=\"https:\/\/camping-dordogne.net\/en\/bathing-in-the-river\/\" \/>\n<meta property=\"og:locale\" content=\"en_US\" \/>\n<meta property=\"og:type\" content=\"article\" \/>\n<meta property=\"og:title\" content=\"Camping in the Dordogne, swimming in the river in Brant\u00f4me in P\u00e9rigord, beach, canoeing, fishing\" \/>\n<meta property=\"og:description\" content=\"Enjoy swimming by the river at Camping Brant\u00f4me Peyrelevade, its sandy beach, canoeing or fishing. Book in our campsite in the Dordogne by the river.\" \/>\n<meta property=\"og:url\" content=\"https:\/\/camping-dordogne.net\/en\/bathing-in-the-river\/\" \/>\n<meta property=\"og:site_name\" content=\"Camping Brant\u00f4me Peyrelevade\" \/>\n<meta property=\"article:publisher\" content=\"https:\/\/www.facebook.com\/campingBrantomeenPerigordPeyrelevadeDordogne\/\" \/>\n<meta property=\"article:modified_time\" content=\"2025-05-19T15:17:22+00:00\" \/>\n<meta name=\"twitter:card\" content=\"summary_large_image\" \/>\n<meta name=\"twitter:label1\" content=\"Est. reading time\" \/>\n\t<meta name=\"twitter:data1\" content=\"3 minutes\" \/>\n<script type=\"application\/ld+json\" class=\"yoast-schema-graph\">{\"@context\":\"https:\\\/\\\/schema.org\",\"@graph\":[{\"@type\":\"WebPage\",\"@id\":\"https:\\\/\\\/camping-dordogne.net\\\/en\\\/bathing-in-the-river\\\/\",\"url\":\"https:\\\/\\\/camping-dordogne.net\\\/en\\\/bathing-in-the-river\\\/\",\"name\":\"Camping in the Dordogne, swimming in the river in Brant\u00f4me in P\u00e9rigord, beach, canoeing, fishing\",\"isPartOf\":{\"@id\":\"https:\\\/\\\/camping-dordogne.net\\\/en\\\/#website\"},\"datePublished\":\"2018-11-13T17:24:53+00:00\",\"dateModified\":\"2025-05-19T15:17:22+00:00\",\"description\":\"Enjoy swimming by the river at Camping Brant\u00f4me Peyrelevade, its sandy beach, canoeing or fishing. Book in our campsite in the Dordogne by the river.\",\"breadcrumb\":{\"@id\":\"https:\\\/\\\/camping-dordogne.net\\\/en\\\/bathing-in-the-river\\\/#breadcrumb\"},\"inLanguage\":\"en-US\",\"potentialAction\":[{\"@type\":\"ReadAction\",\"target\":[\"https:\\\/\\\/camping-dordogne.net\\\/en\\\/bathing-in-the-river\\\/\"]}]},{\"@type\":\"BreadcrumbList\",\"@id\":\"https:\\\/\\\/camping-dordogne.net\\\/en\\\/bathing-in-the-river\\\/#breadcrumb\",\"itemListElement\":[{\"@type\":\"ListItem\",\"position\":1,\"name\":\"Accueil\",\"item\":\"https:\\\/\\\/camping-dordogne.net\\\/en\\\/\"},{\"@type\":\"ListItem\",\"position\":2,\"name\":\"Bathing in the river\"}]},{\"@type\":\"WebSite\",\"@id\":\"https:\\\/\\\/camping-dordogne.net\\\/en\\\/#website\",\"url\":\"https:\\\/\\\/camping-dordogne.net\\\/en\\\/\",\"name\":\"Camping Brant\u00f4me Peyrelevade\",\"description\":\"Camping 3 \u00e9toiles en Dordogne P\u00e9rigord\",\"potentialAction\":[{\"@type\":\"SearchAction\",\"target\":{\"@type\":\"EntryPoint\",\"urlTemplate\":\"https:\\\/\\\/camping-dordogne.net\\\/en\\\/?s={search_term_string}\"},\"query-input\":{\"@type\":\"PropertyValueSpecification\",\"valueRequired\":true,\"valueName\":\"search_term_string\"}}],\"inLanguage\":\"en-US\"}]}<\/script>\n<!-- \/ Yoast SEO plugin. -->","yoast_head_json":{"title":"Camping in the Dordogne, swimming in the river in Brant\u00f4me in P\u00e9rigord, beach, canoeing, fishing","description":"Enjoy swimming by the river at Camping Brant\u00f4me Peyrelevade, its sandy beach, canoeing or fishing. Book in our campsite in the Dordogne by the river.","robots":{"index":"index","follow":"follow","max-snippet":"max-snippet:-1","max-image-preview":"max-image-preview:large","max-video-preview":"max-video-preview:-1"},"canonical":"https:\/\/camping-dordogne.net\/en\/bathing-in-the-river\/","og_locale":"en_US","og_type":"article","og_title":"Camping in the Dordogne, swimming in the river in Brant\u00f4me in P\u00e9rigord, beach, canoeing, fishing","og_description":"Enjoy swimming by the river at Camping Brant\u00f4me Peyrelevade, its sandy beach, canoeing or fishing. Book in our campsite in the Dordogne by the river.","og_url":"https:\/\/camping-dordogne.net\/en\/bathing-in-the-river\/","og_site_name":"Camping Brant\u00f4me Peyrelevade","article_publisher":"https:\/\/www.facebook.com\/campingBrantomeenPerigordPeyrelevadeDordogne\/","article_modified_time":"2025-05-19T15:17:22+00:00","twitter_card":"summary_large_image","twitter_misc":{"Est. reading time":"3 minutes"},"schema":{"@context":"https:\/\/schema.org","@graph":[{"@type":"WebPage","@id":"https:\/\/camping-dordogne.net\/en\/bathing-in-the-river\/","url":"https:\/\/camping-dordogne.net\/en\/bathing-in-the-river\/","name":"Camping in the Dordogne, swimming in the river in Brant\u00f4me in P\u00e9rigord, beach, canoeing, fishing","isPartOf":{"@id":"https:\/\/camping-dordogne.net\/en\/#website"},"datePublished":"2018-11-13T17:24:53+00:00","dateModified":"2025-05-19T15:17:22+00:00","description":"Enjoy swimming by the river at Camping Brant\u00f4me Peyrelevade, its sandy beach, canoeing or fishing. Book in our campsite in the Dordogne by the river.","breadcrumb":{"@id":"https:\/\/camping-dordogne.net\/en\/bathing-in-the-river\/#breadcrumb"},"inLanguage":"en-US","potentialAction":[{"@type":"ReadAction","target":["https:\/\/camping-dordogne.net\/en\/bathing-in-the-river\/"]}]},{"@type":"BreadcrumbList","@id":"https:\/\/camping-dordogne.net\/en\/bathing-in-the-river\/#breadcrumb","itemListElement":[{"@type":"ListItem","position":1,"name":"Accueil","item":"https:\/\/camping-dordogne.net\/en\/"},{"@type":"ListItem","position":2,"name":"Bathing in the river"}]},{"@type":"WebSite","@id":"https:\/\/camping-dordogne.net\/en\/#website","url":"https:\/\/camping-dordogne.net\/en\/","name":"Camping Brant\u00f4me Peyrelevade","description":"Camping 3 \u00e9toiles en Dordogne P\u00e9rigord","potentialAction":[{"@type":"SearchAction","target":{"@type":"EntryPoint","urlTemplate":"https:\/\/camping-dordogne.net\/en\/?s={search_term_string}"},"query-input":{"@type":"PropertyValueSpecification","valueRequired":true,"valueName":"search_term_string"}}],"inLanguage":"en-US"}]}},"_links":{"self":[{"href":"https:\/\/camping-dordogne.net\/en\/wp-json\/wp\/v2\/pages\/2226","targetHints":{"allow":["GET"]}}],"collection":[{"href":"https:\/\/camping-dordogne.net\/en\/wp-json\/wp\/v2\/pages"}],"about":[{"href":"https:\/\/camping-dordogne.net\/en\/wp-json\/wp\/v2\/types\/page"}],"author":[{"embeddable":true,"href":"https:\/\/camping-dordogne.net\/en\/wp-json\/wp\/v2\/users\/1"}],"replies":[{"embeddable":true,"href":"https:\/\/camping-dordogne.net\/en\/wp-json\/wp\/v2\/comments?post=2226"}],"version-history":[{"count":0,"href":"https:\/\/camping-dordogne.net\/en\/wp-json\/wp\/v2\/pages\/2226\/revisions"}],"wp:attachment":[{"href":"https:\/\/camping-dordogne.net\/en\/wp-json\/wp\/v2\/media?parent=2226"}],"curies":[{"name":"wp","href":"https:\/\/api.w.org\/{rel}","templated":true}]}}