{"id":3138,"date":"2019-11-12T17:11:10","date_gmt":"2019-11-12T16:11:10","guid":{"rendered":"https:\/\/camping-dordogne.net\/animations-soirees\/"},"modified":"2025-09-16T16:45:02","modified_gmt":"2025-09-16T14:45:02","slug":"evening-entertainment","status":"publish","type":"page","link":"https:\/\/camping-dordogne.net\/en\/evening-entertainment\/","title":{"rendered":"Evening entertainment"},"content":{"rendered":"<div id='full_slider_1'  class='avia-fullwidth-slider main_color avia-shadow av-mini-hide  avia-builder-el-0  el_before_av_slideshow_full  avia-builder-el-first   container_wrap sidebar_right'  ><div  class='avia-slideshow av-6pf2a5-80c5d24e9380816f71c1ac4f9faa0450 avia-slideshow-featured_large av_slideshow_full avia-fade-slider av-mini-hide av-slideshow-ui av-control-hidden av-no-slider-navigation av-hide-nav-arrows av-slideshow-autoplay av-loop-endless av-loop-manual-endless av-default-height-applied   avia-slideshow-1' data-slideshow-options=\"{&quot;animation&quot;:&quot;fade&quot;,&quot;autoplay&quot;:true,&quot;loop_autoplay&quot;:&quot;endless&quot;,&quot;interval&quot;:5,&quot;loop_manual&quot;:&quot;manual-endless&quot;,&quot;autoplay_stopper&quot;:false,&quot;noNavigation&quot;:true,&quot;bg_slider&quot;:false,&quot;keep_padding&quot;:false,&quot;hoverpause&quot;:false,&quot;show_slide_delay&quot;:0}\"  itemprop=\"image\" itemscope=\"itemscope\" itemtype=\"https:\/\/schema.org\/ImageObject\" ><ul class='avia-slideshow-inner ' style='padding-bottom: 40%;'><li  class='avia-slideshow-slide av-6pf2a5-80c5d24e9380816f71c1ac4f9faa0450__0  av-single-slide slide-1 slide-odd'><div data-rel='slideshow-1' class='avia-slide-wrap '   ><img decoding=\"async\" fetchpriority=\"high\" class=\"wp-image-3115 avia-img-lazy-loading-not-3115\"  src=\"https:\/\/camping-dordogne.net\/wp-content\/uploads\/2019\/11\/header-animations-soirees-1500x600-1500x600.jpg\" width=\"1500\" height=\"600\" title='header-animations-soirees-1500x600' alt=''  itemprop=\"thumbnailUrl\" srcset=\"https:\/\/camping-dordogne.net\/wp-content\/uploads\/2019\/11\/header-animations-soirees-1500x600.jpg 1500w, https:\/\/camping-dordogne.net\/wp-content\/uploads\/2019\/11\/header-animations-soirees-1500x600-300x120.jpg 300w, https:\/\/camping-dordogne.net\/wp-content\/uploads\/2019\/11\/header-animations-soirees-1500x600-768x307.jpg 768w, https:\/\/camping-dordogne.net\/wp-content\/uploads\/2019\/11\/header-animations-soirees-1500x600-1030x412.jpg 1030w, https:\/\/camping-dordogne.net\/wp-content\/uploads\/2019\/11\/header-animations-soirees-1500x600-705x282.jpg 705w, https:\/\/camping-dordogne.net\/wp-content\/uploads\/2019\/11\/header-animations-soirees-1500x600-450x180.jpg 450w\" sizes=\"(max-width: 1500px) 100vw, 1500px\" \/><\/div><\/li><\/ul><\/div><\/div>\n<div id='full_slider_2'  class='avia-fullwidth-slider main_color avia-shadow av-desktop-hide av-medium-hide av-small-hide  avia-builder-el-1  el_after_av_slideshow_full  el_before_av_section   slider-not-first container_wrap sidebar_right'  ><div  class='avia-slideshow av-lo5kfqvo-a3359ca80a1e00dfc45090f2484c05f1 avia-slideshow-featured_large av_slideshow_full avia-fade-slider av-desktop-hide av-medium-hide av-small-hide av-slideshow-ui av-control-hidden av-no-slider-navigation av-hide-nav-arrows av-slideshow-autoplay av-loop-endless av-loop-manual-endless av-default-height-applied   avia-slideshow-2' data-slideshow-options=\"{&quot;animation&quot;:&quot;fade&quot;,&quot;autoplay&quot;:true,&quot;loop_autoplay&quot;:&quot;endless&quot;,&quot;interval&quot;:5,&quot;loop_manual&quot;:&quot;manual-endless&quot;,&quot;autoplay_stopper&quot;:false,&quot;noNavigation&quot;:true,&quot;bg_slider&quot;:false,&quot;keep_padding&quot;:false,&quot;hoverpause&quot;:false,&quot;show_slide_delay&quot;:0}\"  itemprop=\"image\" itemscope=\"itemscope\" itemtype=\"https:\/\/schema.org\/ImageObject\" ><ul class='avia-slideshow-inner ' style='padding-bottom: 40%;'><li  class='avia-slideshow-slide av-lo5kfqvo-a3359ca80a1e00dfc45090f2484c05f1__0  av-single-slide slide-1 slide-odd'><div data-rel='slideshow-2' class='avia-slide-wrap '   ><img decoding=\"async\" fetchpriority=\"high\" class=\"wp-image-5253 avia-img-lazy-loading-not-5253\"  src=\"https:\/\/camping-dordogne.net\/wp-content\/uploads\/2023\/10\/header-animations-soirees-1500x600-Mob.jpg\" width=\"400\" height=\"160\" title='header-animations-soirees-1500x600-Mob' alt=''  itemprop=\"thumbnailUrl\" srcset=\"https:\/\/camping-dordogne.net\/wp-content\/uploads\/2023\/10\/header-animations-soirees-1500x600-Mob.jpg 400w, https:\/\/camping-dordogne.net\/wp-content\/uploads\/2023\/10\/header-animations-soirees-1500x600-Mob-300x120.jpg 300w\" sizes=\"(max-width: 400px) 100vw, 400px\" \/><\/div><\/li><\/ul><\/div><\/div>\n<div id='av_section_1'  class='avia-section av-66728t-2701b4568a8f827ecbccac78cef6991c main_color avia-section-default avia-no-border-styling  avia-builder-el-2  el_after_av_slideshow_full  avia-builder-el-last  avia-bg-style-scroll container_wrap sidebar_right'  ><div class='container av-section-cont-open' ><div class='template-page content  av-content-small alpha units'><div class='post-entry post-entry-type-page post-entry-3138'><div class='entry-content-wrapper clearfix'>\n\n<style type=\"text\/css\" data-created_by=\"avia_inline_auto\" id=\"style-css-av-4mu5k2-1fbb8c8bf17ae33bc1098bc401033ac9\">\n#top .av-special-heading.av-4mu5k2-1fbb8c8bf17ae33bc1098bc401033ac9{\npadding-bottom:0;\n}\nbody .av-special-heading.av-4mu5k2-1fbb8c8bf17ae33bc1098bc401033ac9 .av-special-heading-tag .heading-char{\nfont-size:25px;\n}\n.av-special-heading.av-4mu5k2-1fbb8c8bf17ae33bc1098bc401033ac9 .av-subheading{\nfont-size:15px;\n}\n<\/style>\n<div  class='av-special-heading av-4mu5k2-1fbb8c8bf17ae33bc1098bc401033ac9 av-special-heading-h2 blockquote modern-quote modern-centered  avia-builder-el-3  el_before_av_hr  avia-builder-el-first '><h2 class='av-special-heading-tag '  itemprop=\"headline\"  >Evening entertainment<\/h2><div class=\"special-heading-border\"><div class=\"special-heading-inner-border\"><\/div><\/div><\/div>\n\n<style type=\"text\/css\" data-created_by=\"avia_inline_auto\" id=\"style-css-av-5yam9x-3513992e58659660248631913dbd9d32\">\n#top .hr.av-5yam9x-3513992e58659660248631913dbd9d32{\nmargin-top:5px;\nmargin-bottom:15px;\n}\n.hr.av-5yam9x-3513992e58659660248631913dbd9d32 .hr-inner{\nwidth:50px;\nborder-color:#39a9dc;\n}\n<\/style>\n<div  class='hr av-5yam9x-3513992e58659660248631913dbd9d32 hr-custom  avia-builder-el-4  el_after_av_heading  el_before_av_textblock  hr-center hr-icon-no'><span class='hr-inner inner-border-av-border-fat'><span class=\"hr-inner-style\"><\/span><\/span><\/div>\n\n<style type=\"text\/css\" data-created_by=\"avia_inline_auto\" id=\"style-css-av-jofwe0lq-3a86c63c21b484c25466347d3c8bfaa7\">\n#top .av_textblock_section.av-jofwe0lq-3a86c63c21b484c25466347d3c8bfaa7 .avia_textblock{\nfont-size:20px;\ncolor:#97bf0d;\n}\n<\/style>\n<section  class='av_textblock_section av-jofwe0lq-3a86c63c21b484c25466347d3c8bfaa7 '   itemscope=\"itemscope\" itemtype=\"https:\/\/schema.org\/CreativeWork\" ><div class='avia_textblock av_inherit_color'  itemprop=\"text\" ><p style=\"text-align: center;\">We offer family entertainment several evenings a week.<\/p>\n<\/div><\/section>\n\n<style type=\"text\/css\" data-created_by=\"avia_inline_auto\" id=\"style-css-av-jofwe0lq-1-6c6b3fa04e772c74c8e1c166a17c4d9f\">\n#top .av_textblock_section.av-jofwe0lq-1-6c6b3fa04e772c74c8e1c166a17c4d9f .avia_textblock{\ntext-align:center;\n}\n<\/style>\n<section  class='av_textblock_section av-jofwe0lq-1-6c6b3fa04e772c74c8e1c166a17c4d9f '   itemscope=\"itemscope\" itemtype=\"https:\/\/schema.org\/CreativeWork\" ><div class='avia_textblock av_inherit_color'  itemprop=\"text\" ><p style=\"text-align: center;\">In our establishment, we give priority to activities where children can meet up with their parents.<br \/>\nIt is the opportunity to share moments and enjoy the beautiful summer evenings in the Dordogne.<br \/>\nThese evenings are obviously free and open to all our customers.<\/p>\n<\/div><\/section>\n\n<style type=\"text\/css\" data-created_by=\"avia_inline_auto\" id=\"style-css-av-jo7dzp21-bc75f07e29ca3c79f6c08a2999accf9a\">\n#top .hr.av-jo7dzp21-bc75f07e29ca3c79f6c08a2999accf9a{\nmargin-top:5px;\nmargin-bottom:15px;\n}\n.hr.av-jo7dzp21-bc75f07e29ca3c79f6c08a2999accf9a .hr-inner{\nwidth:50px;\nborder-color:#39a9dc;\n}\n<\/style>\n<div  class='hr av-jo7dzp21-bc75f07e29ca3c79f6c08a2999accf9a hr-custom  avia-builder-el-7  el_after_av_textblock  el_before_av_heading  hr-center hr-icon-no'><span class='hr-inner inner-border-av-border-fat'><span class=\"hr-inner-style\"><\/span><\/span><\/div>\n\n<style type=\"text\/css\" data-created_by=\"avia_inline_auto\" id=\"style-css-av-339c8i-f79de9354a2e0960ca26b596b62bc62c\">\n#top .av-special-heading.av-339c8i-f79de9354a2e0960ca26b596b62bc62c{\npadding-bottom:10px;\nfont-size:18px;\n}\nbody .av-special-heading.av-339c8i-f79de9354a2e0960ca26b596b62bc62c .av-special-heading-tag .heading-char{\nfont-size:25px;\n}\n#top #wrap_all .av-special-heading.av-339c8i-f79de9354a2e0960ca26b596b62bc62c .av-special-heading-tag{\nfont-size:18px;\n}\n.av-special-heading.av-339c8i-f79de9354a2e0960ca26b596b62bc62c .av-subheading{\nfont-size:17px;\n}\n\n@media only screen and (min-width: 480px) and (max-width: 767px){ \n#top #wrap_all .av-special-heading.av-339c8i-f79de9354a2e0960ca26b596b62bc62c .av-special-heading-tag{\nfont-size:0.8em;\n}\n}\n\n@media only screen and (max-width: 479px){ \n#top #wrap_all .av-special-heading.av-339c8i-f79de9354a2e0960ca26b596b62bc62c .av-special-heading-tag{\nfont-size:0.8em;\n}\n}\n<\/style>\n<div  class='av-special-heading av-339c8i-f79de9354a2e0960ca26b596b62bc62c av-special-heading-h2 blockquote modern-quote modern-centered  avia-builder-el-8  el_after_av_hr  el_before_av_textblock  av-inherit-size'><h2 class='av-special-heading-tag '  itemprop=\"headline\"  >Example of the activities schedule<\/h2><div class=\"special-heading-border\"><div class=\"special-heading-inner-border\"><\/div><\/div><\/div>\n<section  class='av_textblock_section av-jo7dyvvc-4e6f42c8f067935b1d9984f6aa787b7c '   itemscope=\"itemscope\" itemtype=\"https:\/\/schema.org\/CreativeWork\" ><div class='avia_textblock'  itemprop=\"text\" ><div id=\"footable_parent_3154\"\n         class=\" footable_parent ninja_table_wrapper loading_ninja_table wp_table_data_press_parent semantic_ui \">\n                <table data-ninja_table_instance=\"ninja_table_instance_0\" data-footable_id=\"3154\" data-filter-delay=\"1000\" aria-label=\"Planing animations GB\"            id=\"footable_3154\"\n           data-unique_identifier=\"ninja_table_unique_id_3693160535_3154\"\n           class=\" foo-table ninja_footable foo_table_3154 ninja_table_unique_id_3693160535_3154 ui table  nt_type_legacy_table fixed selectable striped vertical_centered  footable-paging-right ninjatable_hide_header_row ninja_table_search_disabled\">\n                <colgroup>\n                            <col class=\"ninja_column_0 \">\n                            <col class=\"ninja_column_1 \">\n                            <col class=\"ninja_column_2 \">\n                            <col class=\"ninja_column_3 \">\n                            <col class=\"ninja_column_4 \">\n                            <col class=\"ninja_column_5 \">\n                    <\/colgroup>\n        <thead>\n<tr class=\"footable-header\">\n                                                                                                        <th scope=\"col\"  class=\"ninja_column_0 ninja_clmn_nm_ninja_column_1 \"><\/th><th scope=\"col\"  class=\"ninja_column_1 ninja_clmn_nm_ninja_column_2 \"><\/th><th scope=\"col\"  class=\"ninja_column_2 ninja_clmn_nm_ninja_column_3 \"><\/th><th scope=\"col\"  class=\"ninja_column_3 ninja_clmn_nm_ninja_column_4 \"><\/th><th scope=\"col\"  class=\"ninja_column_4 ninja_clmn_nm_ninja_column_5 \"><\/th><th scope=\"col\"  class=\"ninja_column_5 ninja_clmn_nm_ninja_column_6 \"><\/th><\/tr>\n<\/thead>\n<tbody>\n\n        <tr data-row_id=\"585\" class=\"ninja_table_row_0 nt_row_id_585\">\n            <td>SUNDAY<\/td><td>MONDAY<\/td><td>TUESDAY<\/td><td>WEDNESDAY<\/td><td>THURSDAY<\/td><td>FRIDAY<\/td>        <\/tr>\n            <tr data-row_id=\"586\" class=\"ninja_table_row_1 nt_row_id_586\">\n            <td>20h-21h<\/td><td>20h-21h<\/td><td>18h-21h<\/td><td>18h-20h<\/td><td>20h-22h30<\/td><td>21h-22h00<\/td>        <\/tr>\n            <tr data-row_id=\"587\" class=\"ninja_table_row_2 nt_row_id_587\">\n            <td>Fire camp and marshmallows<\/td><td>Music at the pool<\/td><td>Old fashion Wooden games<\/td><td>Archery<\/td><td>Family Petanque tournament<\/td><td>Battle on the river Show in Brantome<\/td>        <\/tr>\n    <\/tbody><!--ninja_tobody_rendering_done-->\n    <\/table>\n    \n    \n    \n<\/div>\n\n<\/div><\/section>\n<\/div><\/div><\/div><!-- close content main div --><\/div><\/div><div id='after_section_1'  class='main_color av_default_container_wrap container_wrap sidebar_right'  ><div class='container av-section-cont-open' ><div class='template-page content  av-content-small alpha units'><div class='post-entry post-entry-type-page post-entry-3138'><div class='entry-content-wrapper clearfix'>\n","protected":false},"excerpt":{"rendered":"","protected":false},"author":1,"featured_media":0,"parent":0,"menu_order":0,"comment_status":"closed","ping_status":"closed","template":"","meta":{"footnotes":""},"class_list":["post-3138","page","type-page","status-publish","hentry"],"yoast_head":"<!-- This site is optimized with the Yoast SEO plugin v27.3 - https:\/\/yoast.com\/product\/yoast-seo-wordpress\/ -->\n<title>Campsite with children\u2019s club, entertainment in Dordogne P\u00e9rigord in Brant\u00f4me<\/title>\n<meta name=\"description\" content=\"Family campsite with children\u2019s mini-club and entertainment in the Dordogne P\u00e9rigord. 4-star family campsite Brant\u00f4me Peyrelevade for nature holidays\" \/>\n<meta name=\"robots\" content=\"index, follow, max-snippet:-1, max-image-preview:large, max-video-preview:-1\" \/>\n<link rel=\"canonical\" href=\"https:\/\/camping-dordogne.net\/en\/evening-entertainment\/\" \/>\n<meta property=\"og:locale\" content=\"en_US\" \/>\n<meta property=\"og:type\" content=\"article\" \/>\n<meta property=\"og:title\" content=\"Campsite with children\u2019s club, entertainment in Dordogne P\u00e9rigord in Brant\u00f4me\" \/>\n<meta property=\"og:description\" content=\"Family campsite with children\u2019s mini-club and entertainment in the Dordogne P\u00e9rigord. 4-star family campsite Brant\u00f4me Peyrelevade for nature holidays\" \/>\n<meta property=\"og:url\" content=\"https:\/\/camping-dordogne.net\/en\/evening-entertainment\/\" \/>\n<meta property=\"og:site_name\" content=\"Camping Brant\u00f4me Peyrelevade\" \/>\n<meta property=\"article:publisher\" content=\"https:\/\/www.facebook.com\/campingBrantomeenPerigordPeyrelevadeDordogne\/\" \/>\n<meta property=\"article:modified_time\" content=\"2025-09-16T14:45:02+00:00\" \/>\n<meta name=\"twitter:card\" content=\"summary_large_image\" \/>\n<meta name=\"twitter:label1\" content=\"Est. reading time\" \/>\n\t<meta name=\"twitter:data1\" content=\"1 minute\" \/>\n<script type=\"application\/ld+json\" class=\"yoast-schema-graph\">{\"@context\":\"https:\\\/\\\/schema.org\",\"@graph\":[{\"@type\":\"WebPage\",\"@id\":\"https:\\\/\\\/camping-dordogne.net\\\/en\\\/evening-entertainment\\\/\",\"url\":\"https:\\\/\\\/camping-dordogne.net\\\/en\\\/evening-entertainment\\\/\",\"name\":\"Campsite with children\u2019s club, entertainment in Dordogne P\u00e9rigord in Brant\u00f4me\",\"isPartOf\":{\"@id\":\"https:\\\/\\\/camping-dordogne.net\\\/en\\\/#website\"},\"datePublished\":\"2019-11-12T16:11:10+00:00\",\"dateModified\":\"2025-09-16T14:45:02+00:00\",\"description\":\"Family campsite with children\u2019s mini-club and entertainment in the Dordogne P\u00e9rigord. 4-star family campsite Brant\u00f4me Peyrelevade for nature holidays\",\"breadcrumb\":{\"@id\":\"https:\\\/\\\/camping-dordogne.net\\\/en\\\/evening-entertainment\\\/#breadcrumb\"},\"inLanguage\":\"en-US\",\"potentialAction\":[{\"@type\":\"ReadAction\",\"target\":[\"https:\\\/\\\/camping-dordogne.net\\\/en\\\/evening-entertainment\\\/\"]}]},{\"@type\":\"BreadcrumbList\",\"@id\":\"https:\\\/\\\/camping-dordogne.net\\\/en\\\/evening-entertainment\\\/#breadcrumb\",\"itemListElement\":[{\"@type\":\"ListItem\",\"position\":1,\"name\":\"Accueil\",\"item\":\"https:\\\/\\\/camping-dordogne.net\\\/en\\\/\"},{\"@type\":\"ListItem\",\"position\":2,\"name\":\"Evening entertainment\"}]},{\"@type\":\"WebSite\",\"@id\":\"https:\\\/\\\/camping-dordogne.net\\\/en\\\/#website\",\"url\":\"https:\\\/\\\/camping-dordogne.net\\\/en\\\/\",\"name\":\"Camping Brant\u00f4me Peyrelevade\",\"description\":\"Camping 3 \u00e9toiles en Dordogne P\u00e9rigord\",\"potentialAction\":[{\"@type\":\"SearchAction\",\"target\":{\"@type\":\"EntryPoint\",\"urlTemplate\":\"https:\\\/\\\/camping-dordogne.net\\\/en\\\/?s={search_term_string}\"},\"query-input\":{\"@type\":\"PropertyValueSpecification\",\"valueRequired\":true,\"valueName\":\"search_term_string\"}}],\"inLanguage\":\"en-US\"}]}<\/script>\n<!-- \/ Yoast SEO plugin. -->","yoast_head_json":{"title":"Campsite with children\u2019s club, entertainment in Dordogne P\u00e9rigord in Brant\u00f4me","description":"Family campsite with children\u2019s mini-club and entertainment in the Dordogne P\u00e9rigord. 4-star family campsite Brant\u00f4me Peyrelevade for nature holidays","robots":{"index":"index","follow":"follow","max-snippet":"max-snippet:-1","max-image-preview":"max-image-preview:large","max-video-preview":"max-video-preview:-1"},"canonical":"https:\/\/camping-dordogne.net\/en\/evening-entertainment\/","og_locale":"en_US","og_type":"article","og_title":"Campsite with children\u2019s club, entertainment in Dordogne P\u00e9rigord in Brant\u00f4me","og_description":"Family campsite with children\u2019s mini-club and entertainment in the Dordogne P\u00e9rigord. 4-star family campsite Brant\u00f4me Peyrelevade for nature holidays","og_url":"https:\/\/camping-dordogne.net\/en\/evening-entertainment\/","og_site_name":"Camping Brant\u00f4me Peyrelevade","article_publisher":"https:\/\/www.facebook.com\/campingBrantomeenPerigordPeyrelevadeDordogne\/","article_modified_time":"2025-09-16T14:45:02+00:00","twitter_card":"summary_large_image","twitter_misc":{"Est. reading time":"1 minute"},"schema":{"@context":"https:\/\/schema.org","@graph":[{"@type":"WebPage","@id":"https:\/\/camping-dordogne.net\/en\/evening-entertainment\/","url":"https:\/\/camping-dordogne.net\/en\/evening-entertainment\/","name":"Campsite with children\u2019s club, entertainment in Dordogne P\u00e9rigord in Brant\u00f4me","isPartOf":{"@id":"https:\/\/camping-dordogne.net\/en\/#website"},"datePublished":"2019-11-12T16:11:10+00:00","dateModified":"2025-09-16T14:45:02+00:00","description":"Family campsite with children\u2019s mini-club and entertainment in the Dordogne P\u00e9rigord. 4-star family campsite Brant\u00f4me Peyrelevade for nature holidays","breadcrumb":{"@id":"https:\/\/camping-dordogne.net\/en\/evening-entertainment\/#breadcrumb"},"inLanguage":"en-US","potentialAction":[{"@type":"ReadAction","target":["https:\/\/camping-dordogne.net\/en\/evening-entertainment\/"]}]},{"@type":"BreadcrumbList","@id":"https:\/\/camping-dordogne.net\/en\/evening-entertainment\/#breadcrumb","itemListElement":[{"@type":"ListItem","position":1,"name":"Accueil","item":"https:\/\/camping-dordogne.net\/en\/"},{"@type":"ListItem","position":2,"name":"Evening entertainment"}]},{"@type":"WebSite","@id":"https:\/\/camping-dordogne.net\/en\/#website","url":"https:\/\/camping-dordogne.net\/en\/","name":"Camping Brant\u00f4me Peyrelevade","description":"Camping 3 \u00e9toiles en Dordogne P\u00e9rigord","potentialAction":[{"@type":"SearchAction","target":{"@type":"EntryPoint","urlTemplate":"https:\/\/camping-dordogne.net\/en\/?s={search_term_string}"},"query-input":{"@type":"PropertyValueSpecification","valueRequired":true,"valueName":"search_term_string"}}],"inLanguage":"en-US"}]}},"_links":{"self":[{"href":"https:\/\/camping-dordogne.net\/en\/wp-json\/wp\/v2\/pages\/3138","targetHints":{"allow":["GET"]}}],"collection":[{"href":"https:\/\/camping-dordogne.net\/en\/wp-json\/wp\/v2\/pages"}],"about":[{"href":"https:\/\/camping-dordogne.net\/en\/wp-json\/wp\/v2\/types\/page"}],"author":[{"embeddable":true,"href":"https:\/\/camping-dordogne.net\/en\/wp-json\/wp\/v2\/users\/1"}],"replies":[{"embeddable":true,"href":"https:\/\/camping-dordogne.net\/en\/wp-json\/wp\/v2\/comments?post=3138"}],"version-history":[{"count":0,"href":"https:\/\/camping-dordogne.net\/en\/wp-json\/wp\/v2\/pages\/3138\/revisions"}],"wp:attachment":[{"href":"https:\/\/camping-dordogne.net\/en\/wp-json\/wp\/v2\/media?parent=3138"}],"curies":[{"name":"wp","href":"https:\/\/api.w.org\/{rel}","templated":true}]}}