{"id":3622,"date":"2020-10-21T09:57:37","date_gmt":"2020-10-21T07:57:37","guid":{"rendered":"https:\/\/camping-dordogne.net\/tarifs\/"},"modified":"2025-05-19T17:31:26","modified_gmt":"2025-05-19T15:31:26","slug":"tariffs","status":"publish","type":"page","link":"https:\/\/camping-dordogne.net\/en\/tariffs\/","title":{"rendered":"Tariffs"},"content":{"rendered":"<div  class='avia-buttonrow-wrap av-kgwcir77-4a2fc51bcc324e97dabb1fdbe15d11d7 avia-buttonrow-center  avia-builder-el-0  el_before_av_hr  avia-builder-el-first '>\n\n<style type=\"text\/css\" data-created_by=\"avia_inline_auto\" id=\"style-css-av-46hdxy-dfd7cac153e33f31ddca8a6f4fb91cb4\">\n#top #wrap_all .avia-button.av-46hdxy-dfd7cac153e33f31ddca8a6f4fb91cb4{\nmargin-bottom:5px;\nmargin-right:3px;\nmargin-left:3px;\n}\n<\/style>\n<a href='#locations'  class='avia-button av-46hdxy-dfd7cac153e33f31ddca8a6f4fb91cb4 avia-icon_select-yes-left-icon avia-size-medium avia-color-theme-color'   aria-label=\"RENTALS TARIFFS\"><span class='avia_button_icon avia_button_icon_left avia-iconfont avia-font-entypo-fontello' data-av_icon='\ue832' data-av_iconfont='entypo-fontello' ><\/span><span class='avia_iconbox_title' >RENTALS TARIFFS<\/span><\/a>\n\n<style type=\"text\/css\" data-created_by=\"avia_inline_auto\" id=\"style-css-av-2v9xdy-f7a06c5966cddcb7a2cf70b2a27bb74c\">\n#top #wrap_all .avia-button.av-2v9xdy-f7a06c5966cddcb7a2cf70b2a27bb74c{\nmargin-bottom:5px;\nmargin-right:3px;\nmargin-left:3px;\n}\n<\/style>\n<a href='#emplacements'  class='avia-button av-2v9xdy-f7a06c5966cddcb7a2cf70b2a27bb74c avia-icon_select-yes-left-icon avia-size-medium avia-color-theme-color'   aria-label=\"PITCHES TARIFFS\"><span class='avia_button_icon avia_button_icon_left avia-iconfont avia-font-entypo-fontello' data-av_icon='\ue832' data-av_iconfont='entypo-fontello' ><\/span><span class='avia_iconbox_title' >PITCHES TARIFFS<\/span><\/a>\n<\/div>\n\n<style type=\"text\/css\" data-created_by=\"avia_inline_auto\" id=\"style-css-av-5yam9x-f88a9a50e044473d72d5032bc5666a6e\">\n#top .hr.hr-invisible.av-5yam9x-f88a9a50e044473d72d5032bc5666a6e{\nmargin-top:0px;\nheight:1px;\n}\n<\/style>\n<div  id=\"locations\"  class='hr av-5yam9x-f88a9a50e044473d72d5032bc5666a6e hr-invisible  avia-builder-el-1  el_after_av_buttonrow  el_before_av_heading '><span class='hr-inner '><span class=\"hr-inner-style\"><\/span><\/span><\/div>\n\n<style type=\"text\/css\" data-created_by=\"avia_inline_auto\" id=\"style-css-av-av_heading-37f9d5a40e0f77ae5585da1ed60c930a\">\n#top .av-special-heading.av-av_heading-37f9d5a40e0f77ae5585da1ed60c930a{\npadding-bottom:0;\n}\nbody .av-special-heading.av-av_heading-37f9d5a40e0f77ae5585da1ed60c930a .av-special-heading-tag .heading-char{\nfont-size:25px;\n}\n.av-special-heading.av-av_heading-37f9d5a40e0f77ae5585da1ed60c930a .av-subheading{\nfont-size:15px;\n}\n<\/style>\n<div  class='av-special-heading av-av_heading-37f9d5a40e0f77ae5585da1ed60c930a av-special-heading-h2 blockquote modern-quote modern-centered  avia-builder-el-2  el_after_av_hr  el_before_av_hr '><h2 class='av-special-heading-tag '  itemprop=\"headline\"  >Rentals tariffs<\/h2><div class=\"special-heading-border\"><div class=\"special-heading-inner-border\"><\/div><\/div><\/div>\n\n<style type=\"text\/css\" data-created_by=\"avia_inline_auto\" id=\"style-css-av-5yam9x-afd5c23fdb0d770d1990f2f4093a1835\">\n#top .hr.av-5yam9x-afd5c23fdb0d770d1990f2f4093a1835{\nmargin-top:5px;\nmargin-bottom:15px;\n}\n.hr.av-5yam9x-afd5c23fdb0d770d1990f2f4093a1835 .hr-inner{\nwidth:50px;\nborder-color:#39a9dc;\n}\n<\/style>\n<div  class='hr av-5yam9x-afd5c23fdb0d770d1990f2f4093a1835 hr-custom  avia-builder-el-3  el_after_av_heading  el_before_av_textblock  hr-center hr-icon-no'><span class='hr-inner inner-border-av-border-fat'><span class=\"hr-inner-style\"><\/span><\/span><\/div>\n<section  class='av_textblock_section av-kgj6dqif-bbede11bd65298ddd29ba23f315dc2f5 '   itemscope=\"itemscope\" itemtype=\"https:\/\/schema.org\/CreativeWork\" ><div class='avia_textblock'  itemprop=\"text\" ><\/div><\/section>\n\n<style type=\"text\/css\" data-created_by=\"avia_inline_auto\" id=\"style-css-av-5yam9x-9b1810043fd3401651822dbc7a8471ef\">\n#top .hr.hr-invisible.av-5yam9x-9b1810043fd3401651822dbc7a8471ef{\nmargin-top:0px;\nheight:1px;\n}\n<\/style>\n<div  id=\"emplacements\"  class='hr av-5yam9x-9b1810043fd3401651822dbc7a8471ef hr-invisible  avia-builder-el-5  el_after_av_textblock  el_before_av_heading '><span class='hr-inner '><span class=\"hr-inner-style\"><\/span><\/span><\/div>\n\n<style type=\"text\/css\" data-created_by=\"avia_inline_auto\" id=\"style-css-av-av_heading-8a5e0eccce761365fe61456b31bdd173\">\n#top .av-special-heading.av-av_heading-8a5e0eccce761365fe61456b31bdd173{\npadding-bottom:0;\n}\nbody .av-special-heading.av-av_heading-8a5e0eccce761365fe61456b31bdd173 .av-special-heading-tag .heading-char{\nfont-size:25px;\n}\n.av-special-heading.av-av_heading-8a5e0eccce761365fe61456b31bdd173 .av-subheading{\nfont-size:15px;\n}\n<\/style>\n<div  class='av-special-heading av-av_heading-8a5e0eccce761365fe61456b31bdd173 av-special-heading-h2 blockquote modern-quote modern-centered  avia-builder-el-6  el_after_av_hr  el_before_av_hr '><h2 class='av-special-heading-tag '  itemprop=\"headline\"  >Pitches tariffs<\/h2><div class=\"special-heading-border\"><div class=\"special-heading-inner-border\"><\/div><\/div><\/div>\n\n<style type=\"text\/css\" data-created_by=\"avia_inline_auto\" id=\"style-css-av-5yam9x-3513992e58659660248631913dbd9d32\">\n#top .hr.av-5yam9x-3513992e58659660248631913dbd9d32{\nmargin-top:5px;\nmargin-bottom:15px;\n}\n.hr.av-5yam9x-3513992e58659660248631913dbd9d32 .hr-inner{\nwidth:50px;\nborder-color:#39a9dc;\n}\n<\/style>\n<div  class='hr av-5yam9x-3513992e58659660248631913dbd9d32 hr-custom  avia-builder-el-7  el_after_av_heading  el_before_av_textblock  hr-center hr-icon-no'><span class='hr-inner inner-border-av-border-fat'><span class=\"hr-inner-style\"><\/span><\/span><\/div>\n<section  class='av_textblock_section av-kgj6edus-0ab3468e616c64bc2f23e991a3f7ec84 '   itemscope=\"itemscope\" itemtype=\"https:\/\/schema.org\/CreativeWork\" ><div class='avia_textblock'  itemprop=\"text\" ><\/div><\/section>\n","protected":false},"excerpt":{"rendered":"","protected":false},"author":1,"featured_media":0,"parent":0,"menu_order":0,"comment_status":"closed","ping_status":"closed","template":"","meta":{"footnotes":""},"class_list":["post-3622","page","type-page","status-publish","hentry"],"yoast_head":"<!-- This site is optimized with the Yoast SEO plugin v27.4 - https:\/\/yoast.com\/product\/yoast-seo-wordpress\/ -->\n<title>Camping rates**** in Brant\u00f4me en Dordogne by the river, heated indoor pool, beach, swimming, fishing, canoeing<\/title>\n<meta name=\"description\" content=\"Discover the prices of the 4-star campsite Brant\u00f4me Peyrelevade in the Dordogne by the river. Rental of mobile homes and tents. Enjoy the heated indoor pool, the sandy beach, canoeing, fishing\" \/>\n<meta name=\"robots\" content=\"index, follow, max-snippet:-1, max-image-preview:large, max-video-preview:-1\" \/>\n<link rel=\"canonical\" href=\"https:\/\/camping-dordogne.net\/en\/tariffs\/\" \/>\n<meta property=\"og:locale\" content=\"en_US\" \/>\n<meta property=\"og:type\" content=\"article\" \/>\n<meta property=\"og:title\" content=\"Camping rates**** in Brant\u00f4me en Dordogne by the river, heated indoor pool, beach, swimming, fishing, canoeing\" \/>\n<meta property=\"og:description\" content=\"Discover the prices of the 4-star campsite Brant\u00f4me Peyrelevade in the Dordogne by the river. Rental of mobile homes and tents. Enjoy the heated indoor pool, the sandy beach, canoeing, fishing\" \/>\n<meta property=\"og:url\" content=\"https:\/\/camping-dordogne.net\/en\/tariffs\/\" \/>\n<meta property=\"og:site_name\" content=\"Camping Brant\u00f4me Peyrelevade\" \/>\n<meta property=\"article:publisher\" content=\"https:\/\/www.facebook.com\/campingBrantomeenPerigordPeyrelevadeDordogne\/\" \/>\n<meta property=\"article:modified_time\" content=\"2025-05-19T15:31:26+00:00\" \/>\n<meta name=\"twitter:card\" content=\"summary_large_image\" \/>\n<meta name=\"twitter:label1\" content=\"Est. reading time\" \/>\n\t<meta name=\"twitter:data1\" content=\"1 minute\" \/>\n<script type=\"application\/ld+json\" class=\"yoast-schema-graph\">{\"@context\":\"https:\\\/\\\/schema.org\",\"@graph\":[{\"@type\":\"WebPage\",\"@id\":\"https:\\\/\\\/camping-dordogne.net\\\/en\\\/tariffs\\\/\",\"url\":\"https:\\\/\\\/camping-dordogne.net\\\/en\\\/tariffs\\\/\",\"name\":\"Camping rates**** in Brant\u00f4me en Dordogne by the river, heated indoor pool, beach, swimming, fishing, canoeing\",\"isPartOf\":{\"@id\":\"https:\\\/\\\/camping-dordogne.net\\\/en\\\/#website\"},\"datePublished\":\"2020-10-21T07:57:37+00:00\",\"dateModified\":\"2025-05-19T15:31:26+00:00\",\"description\":\"Discover the prices of the 4-star campsite Brant\u00f4me Peyrelevade in the Dordogne by the river. Rental of mobile homes and tents. Enjoy the heated indoor pool, the sandy beach, canoeing, fishing\",\"breadcrumb\":{\"@id\":\"https:\\\/\\\/camping-dordogne.net\\\/en\\\/tariffs\\\/#breadcrumb\"},\"inLanguage\":\"en-US\",\"potentialAction\":[{\"@type\":\"ReadAction\",\"target\":[\"https:\\\/\\\/camping-dordogne.net\\\/en\\\/tariffs\\\/\"]}]},{\"@type\":\"BreadcrumbList\",\"@id\":\"https:\\\/\\\/camping-dordogne.net\\\/en\\\/tariffs\\\/#breadcrumb\",\"itemListElement\":[{\"@type\":\"ListItem\",\"position\":1,\"name\":\"Accueil\",\"item\":\"https:\\\/\\\/camping-dordogne.net\\\/en\\\/\"},{\"@type\":\"ListItem\",\"position\":2,\"name\":\"Tariffs\"}]},{\"@type\":\"WebSite\",\"@id\":\"https:\\\/\\\/camping-dordogne.net\\\/en\\\/#website\",\"url\":\"https:\\\/\\\/camping-dordogne.net\\\/en\\\/\",\"name\":\"Camping Brant\u00f4me Peyrelevade\",\"description\":\"Camping 3 \u00e9toiles en Dordogne P\u00e9rigord\",\"potentialAction\":[{\"@type\":\"SearchAction\",\"target\":{\"@type\":\"EntryPoint\",\"urlTemplate\":\"https:\\\/\\\/camping-dordogne.net\\\/en\\\/?s={search_term_string}\"},\"query-input\":{\"@type\":\"PropertyValueSpecification\",\"valueRequired\":true,\"valueName\":\"search_term_string\"}}],\"inLanguage\":\"en-US\"}]}<\/script>\n<!-- \/ Yoast SEO plugin. -->","yoast_head_json":{"title":"Camping rates**** in Brant\u00f4me en Dordogne by the river, heated indoor pool, beach, swimming, fishing, canoeing","description":"Discover the prices of the 4-star campsite Brant\u00f4me Peyrelevade in the Dordogne by the river. Rental of mobile homes and tents. Enjoy the heated indoor pool, the sandy beach, canoeing, fishing","robots":{"index":"index","follow":"follow","max-snippet":"max-snippet:-1","max-image-preview":"max-image-preview:large","max-video-preview":"max-video-preview:-1"},"canonical":"https:\/\/camping-dordogne.net\/en\/tariffs\/","og_locale":"en_US","og_type":"article","og_title":"Camping rates**** in Brant\u00f4me en Dordogne by the river, heated indoor pool, beach, swimming, fishing, canoeing","og_description":"Discover the prices of the 4-star campsite Brant\u00f4me Peyrelevade in the Dordogne by the river. Rental of mobile homes and tents. Enjoy the heated indoor pool, the sandy beach, canoeing, fishing","og_url":"https:\/\/camping-dordogne.net\/en\/tariffs\/","og_site_name":"Camping Brant\u00f4me Peyrelevade","article_publisher":"https:\/\/www.facebook.com\/campingBrantomeenPerigordPeyrelevadeDordogne\/","article_modified_time":"2025-05-19T15:31:26+00:00","twitter_card":"summary_large_image","twitter_misc":{"Est. reading time":"1 minute"},"schema":{"@context":"https:\/\/schema.org","@graph":[{"@type":"WebPage","@id":"https:\/\/camping-dordogne.net\/en\/tariffs\/","url":"https:\/\/camping-dordogne.net\/en\/tariffs\/","name":"Camping rates**** in Brant\u00f4me en Dordogne by the river, heated indoor pool, beach, swimming, fishing, canoeing","isPartOf":{"@id":"https:\/\/camping-dordogne.net\/en\/#website"},"datePublished":"2020-10-21T07:57:37+00:00","dateModified":"2025-05-19T15:31:26+00:00","description":"Discover the prices of the 4-star campsite Brant\u00f4me Peyrelevade in the Dordogne by the river. Rental of mobile homes and tents. Enjoy the heated indoor pool, the sandy beach, canoeing, fishing","breadcrumb":{"@id":"https:\/\/camping-dordogne.net\/en\/tariffs\/#breadcrumb"},"inLanguage":"en-US","potentialAction":[{"@type":"ReadAction","target":["https:\/\/camping-dordogne.net\/en\/tariffs\/"]}]},{"@type":"BreadcrumbList","@id":"https:\/\/camping-dordogne.net\/en\/tariffs\/#breadcrumb","itemListElement":[{"@type":"ListItem","position":1,"name":"Accueil","item":"https:\/\/camping-dordogne.net\/en\/"},{"@type":"ListItem","position":2,"name":"Tariffs"}]},{"@type":"WebSite","@id":"https:\/\/camping-dordogne.net\/en\/#website","url":"https:\/\/camping-dordogne.net\/en\/","name":"Camping Brant\u00f4me Peyrelevade","description":"Camping 3 \u00e9toiles en Dordogne P\u00e9rigord","potentialAction":[{"@type":"SearchAction","target":{"@type":"EntryPoint","urlTemplate":"https:\/\/camping-dordogne.net\/en\/?s={search_term_string}"},"query-input":{"@type":"PropertyValueSpecification","valueRequired":true,"valueName":"search_term_string"}}],"inLanguage":"en-US"}]}},"_links":{"self":[{"href":"https:\/\/camping-dordogne.net\/en\/wp-json\/wp\/v2\/pages\/3622","targetHints":{"allow":["GET"]}}],"collection":[{"href":"https:\/\/camping-dordogne.net\/en\/wp-json\/wp\/v2\/pages"}],"about":[{"href":"https:\/\/camping-dordogne.net\/en\/wp-json\/wp\/v2\/types\/page"}],"author":[{"embeddable":true,"href":"https:\/\/camping-dordogne.net\/en\/wp-json\/wp\/v2\/users\/1"}],"replies":[{"embeddable":true,"href":"https:\/\/camping-dordogne.net\/en\/wp-json\/wp\/v2\/comments?post=3622"}],"version-history":[{"count":0,"href":"https:\/\/camping-dordogne.net\/en\/wp-json\/wp\/v2\/pages\/3622\/revisions"}],"wp:attachment":[{"href":"https:\/\/camping-dordogne.net\/en\/wp-json\/wp\/v2\/media?parent=3622"}],"curies":[{"name":"wp","href":"https:\/\/api.w.org\/{rel}","templated":true}]}}