{"id":3882,"date":"2021-06-16T16:34:54","date_gmt":"2021-06-16T14:34:54","guid":{"rendered":"https:\/\/camping-dordogne.net\/?page_id=3882"},"modified":"2025-05-19T17:26:34","modified_gmt":"2025-05-19T15:26:34","slug":"special-offers","status":"publish","type":"page","link":"https:\/\/camping-dordogne.net\/en\/special-offers\/","title":{"rendered":"Special offers"},"content":{"rendered":"<div id='av_section_1'  class='avia-section av-av_section-9f61ed8329954549955d5d86183a7964 main_color avia-section-default avia-no-border-styling  avia-builder-el-0  avia-builder-el-no-sibling  avia-bg-style-scroll container_wrap sidebar_right'  ><div class='container av-section-cont-open' ><main  role=\"main\" itemprop=\"mainContentOfPage\"  class='template-page content  av-content-small alpha units'><div class='post-entry post-entry-type-page post-entry-3882'><div class='entry-content-wrapper clearfix'>\n\n<style type=\"text\/css\" data-created_by=\"avia_inline_auto\" id=\"style-css-av-kpzksq9s-f4509b00903645d9c23f43bc6e76708c\">\n#top .av-special-heading.av-kpzksq9s-f4509b00903645d9c23f43bc6e76708c{\npadding-bottom:0;\n}\nbody .av-special-heading.av-kpzksq9s-f4509b00903645d9c23f43bc6e76708c .av-special-heading-tag .heading-char{\nfont-size:25px;\n}\n.av-special-heading.av-kpzksq9s-f4509b00903645d9c23f43bc6e76708c .av-subheading{\nfont-size:15px;\n}\n<\/style>\n<div  class='av-special-heading av-kpzksq9s-f4509b00903645d9c23f43bc6e76708c av-special-heading-h2 blockquote modern-quote modern-centered  avia-builder-el-1  el_before_av_hr  avia-builder-el-first '><h2 class='av-special-heading-tag '  itemprop=\"headline\"  >Special offers<\/h2><div class=\"special-heading-border\"><div class=\"special-heading-inner-border\"><\/div><\/div><\/div>\n\n<style type=\"text\/css\" data-created_by=\"avia_inline_auto\" id=\"style-css-av-av_hr-b25d948f93fdb28ba235ef3a271a3708\">\n#top .hr.av-av_hr-b25d948f93fdb28ba235ef3a271a3708{\nmargin-top:5px;\nmargin-bottom:15px;\n}\n.hr.av-av_hr-b25d948f93fdb28ba235ef3a271a3708 .hr-inner{\nwidth:100px;\nborder-color:#39a9dc;\n}\n<\/style>\n<div  class='hr av-av_hr-b25d948f93fdb28ba235ef3a271a3708 hr-custom  avia-builder-el-2  el_after_av_heading  el_before_av_one_fifth  hr-center hr-icon-no'><span class='hr-inner inner-border-av-border-fat'><span class=\"hr-inner-style\"><\/span><\/span><\/div>\n\n<style type=\"text\/css\" data-created_by=\"avia_inline_auto\" id=\"style-css-av-av_one_fifth-53b0b300fb3685750664fb085c5ad19d\">\n.flex_column.av-av_one_fifth-53b0b300fb3685750664fb085c5ad19d{\nborder-radius:0px 0px 0px 0px;\npadding:0px 0px 0px 0px;\n}\n<\/style>\n<div  class='flex_column av-av_one_fifth-53b0b300fb3685750664fb085c5ad19d av_one_fifth  avia-builder-el-3  el_after_av_hr  el_before_av_three_fifth  first flex_column_div av-zero-column-padding  '     ><\/div>\n<style type=\"text\/css\" data-created_by=\"avia_inline_auto\" id=\"style-css-av-av_three_fifth-7984035d50f0055e2d8c0f71fa3ebd04\">\n.flex_column.av-av_three_fifth-7984035d50f0055e2d8c0f71fa3ebd04{\nborder-radius:0px 0px 0px 0px;\npadding:0px 0px 0px 0px;\n}\n<\/style>\n<div  class='flex_column av-av_three_fifth-7984035d50f0055e2d8c0f71fa3ebd04 av_three_fifth  avia-builder-el-4  el_after_av_one_fifth  el_before_av_one_fifth  flex_column_div av-zero-column-padding  '     ><\/div>\n<style type=\"text\/css\" data-created_by=\"avia_inline_auto\" id=\"style-css-av-av_one_fifth-7984035d50f0055e2d8c0f71fa3ebd04\">\n.flex_column.av-av_one_fifth-7984035d50f0055e2d8c0f71fa3ebd04{\nborder-radius:0px 0px 0px 0px;\npadding:0px 0px 0px 0px;\n}\n<\/style>\n<div  class='flex_column av-av_one_fifth-7984035d50f0055e2d8c0f71fa3ebd04 av_one_fifth  avia-builder-el-6  el_after_av_three_fifth  avia-builder-el-last  flex_column_div av-zero-column-padding  '     ><\/div><\/div><\/div><\/main><!-- close content main element --><\/div><\/div><div id='after_section_1'  class='main_color av_default_container_wrap container_wrap sidebar_right'  ><div class='container av-section-cont-open' ><div class='template-page content  av-content-small alpha units'><div class='post-entry post-entry-type-page post-entry-3882'><div class='entry-content-wrapper clearfix'>\n","protected":false},"excerpt":{"rendered":"","protected":false},"author":1,"featured_media":0,"parent":0,"menu_order":0,"comment_status":"closed","ping_status":"closed","template":"","meta":{"footnotes":""},"class_list":["post-3882","page","type-page","status-publish","hentry"],"yoast_head":"<!-- This site is optimized with the Yoast SEO plugin v27.3 - https:\/\/yoast.com\/product\/yoast-seo-wordpress\/ -->\n<title>Special offers 4 star campsite Brant\u00f4me in Dordogne by the river, heated indoor pool, beach, swimming, fishing<\/title>\n<meta name=\"description\" content=\"Discover the special offers of the 4-star campsite Brant\u00f4me Peyrelevade in Dordogne by the river. Swimming in the river, sandy beach, canoeing, fishing...\" \/>\n<meta name=\"robots\" content=\"index, follow, max-snippet:-1, max-image-preview:large, max-video-preview:-1\" \/>\n<link rel=\"canonical\" href=\"https:\/\/camping-dordogne.net\/en\/special-offers\/\" \/>\n<meta property=\"og:locale\" content=\"en_US\" \/>\n<meta property=\"og:type\" content=\"article\" \/>\n<meta property=\"og:title\" content=\"Special offers 4 star campsite Brant\u00f4me in Dordogne by the river, heated indoor pool, beach, swimming, fishing\" \/>\n<meta property=\"og:description\" content=\"Discover the special offers of the 4-star campsite Brant\u00f4me Peyrelevade in Dordogne by the river. Swimming in the river, sandy beach, canoeing, fishing...\" \/>\n<meta property=\"og:url\" content=\"https:\/\/camping-dordogne.net\/en\/special-offers\/\" \/>\n<meta property=\"og:site_name\" content=\"Camping Brant\u00f4me Peyrelevade\" \/>\n<meta property=\"article:publisher\" content=\"https:\/\/www.facebook.com\/campingBrantomeenPerigordPeyrelevadeDordogne\/\" \/>\n<meta property=\"article:modified_time\" content=\"2025-05-19T15:26:34+00:00\" \/>\n<meta name=\"twitter:card\" content=\"summary_large_image\" \/>\n<meta name=\"twitter:label1\" content=\"Est. reading time\" \/>\n\t<meta name=\"twitter:data1\" content=\"1 minute\" \/>\n<script type=\"application\/ld+json\" class=\"yoast-schema-graph\">{\"@context\":\"https:\\\/\\\/schema.org\",\"@graph\":[{\"@type\":\"WebPage\",\"@id\":\"https:\\\/\\\/camping-dordogne.net\\\/en\\\/special-offers\\\/\",\"url\":\"https:\\\/\\\/camping-dordogne.net\\\/en\\\/special-offers\\\/\",\"name\":\"Special offers 4 star campsite Brant\u00f4me in Dordogne by the river, heated indoor pool, beach, swimming, fishing\",\"isPartOf\":{\"@id\":\"https:\\\/\\\/camping-dordogne.net\\\/en\\\/#website\"},\"datePublished\":\"2021-06-16T14:34:54+00:00\",\"dateModified\":\"2025-05-19T15:26:34+00:00\",\"description\":\"Discover the special offers of the 4-star campsite Brant\u00f4me Peyrelevade in Dordogne by the river. Swimming in the river, sandy beach, canoeing, fishing...\",\"breadcrumb\":{\"@id\":\"https:\\\/\\\/camping-dordogne.net\\\/en\\\/special-offers\\\/#breadcrumb\"},\"inLanguage\":\"en-US\",\"potentialAction\":[{\"@type\":\"ReadAction\",\"target\":[\"https:\\\/\\\/camping-dordogne.net\\\/en\\\/special-offers\\\/\"]}]},{\"@type\":\"BreadcrumbList\",\"@id\":\"https:\\\/\\\/camping-dordogne.net\\\/en\\\/special-offers\\\/#breadcrumb\",\"itemListElement\":[{\"@type\":\"ListItem\",\"position\":1,\"name\":\"Accueil\",\"item\":\"https:\\\/\\\/camping-dordogne.net\\\/en\\\/\"},{\"@type\":\"ListItem\",\"position\":2,\"name\":\"Special offers\"}]},{\"@type\":\"WebSite\",\"@id\":\"https:\\\/\\\/camping-dordogne.net\\\/en\\\/#website\",\"url\":\"https:\\\/\\\/camping-dordogne.net\\\/en\\\/\",\"name\":\"Camping Brant\u00f4me Peyrelevade\",\"description\":\"Camping 3 \u00e9toiles en Dordogne P\u00e9rigord\",\"potentialAction\":[{\"@type\":\"SearchAction\",\"target\":{\"@type\":\"EntryPoint\",\"urlTemplate\":\"https:\\\/\\\/camping-dordogne.net\\\/en\\\/?s={search_term_string}\"},\"query-input\":{\"@type\":\"PropertyValueSpecification\",\"valueRequired\":true,\"valueName\":\"search_term_string\"}}],\"inLanguage\":\"en-US\"}]}<\/script>\n<!-- \/ Yoast SEO plugin. -->","yoast_head_json":{"title":"Special offers 4 star campsite Brant\u00f4me in Dordogne by the river, heated indoor pool, beach, swimming, fishing","description":"Discover the special offers of the 4-star campsite Brant\u00f4me Peyrelevade in Dordogne by the river. Swimming in the river, sandy beach, canoeing, fishing...","robots":{"index":"index","follow":"follow","max-snippet":"max-snippet:-1","max-image-preview":"max-image-preview:large","max-video-preview":"max-video-preview:-1"},"canonical":"https:\/\/camping-dordogne.net\/en\/special-offers\/","og_locale":"en_US","og_type":"article","og_title":"Special offers 4 star campsite Brant\u00f4me in Dordogne by the river, heated indoor pool, beach, swimming, fishing","og_description":"Discover the special offers of the 4-star campsite Brant\u00f4me Peyrelevade in Dordogne by the river. Swimming in the river, sandy beach, canoeing, fishing...","og_url":"https:\/\/camping-dordogne.net\/en\/special-offers\/","og_site_name":"Camping Brant\u00f4me Peyrelevade","article_publisher":"https:\/\/www.facebook.com\/campingBrantomeenPerigordPeyrelevadeDordogne\/","article_modified_time":"2025-05-19T15:26:34+00:00","twitter_card":"summary_large_image","twitter_misc":{"Est. reading time":"1 minute"},"schema":{"@context":"https:\/\/schema.org","@graph":[{"@type":"WebPage","@id":"https:\/\/camping-dordogne.net\/en\/special-offers\/","url":"https:\/\/camping-dordogne.net\/en\/special-offers\/","name":"Special offers 4 star campsite Brant\u00f4me in Dordogne by the river, heated indoor pool, beach, swimming, fishing","isPartOf":{"@id":"https:\/\/camping-dordogne.net\/en\/#website"},"datePublished":"2021-06-16T14:34:54+00:00","dateModified":"2025-05-19T15:26:34+00:00","description":"Discover the special offers of the 4-star campsite Brant\u00f4me Peyrelevade in Dordogne by the river. Swimming in the river, sandy beach, canoeing, fishing...","breadcrumb":{"@id":"https:\/\/camping-dordogne.net\/en\/special-offers\/#breadcrumb"},"inLanguage":"en-US","potentialAction":[{"@type":"ReadAction","target":["https:\/\/camping-dordogne.net\/en\/special-offers\/"]}]},{"@type":"BreadcrumbList","@id":"https:\/\/camping-dordogne.net\/en\/special-offers\/#breadcrumb","itemListElement":[{"@type":"ListItem","position":1,"name":"Accueil","item":"https:\/\/camping-dordogne.net\/en\/"},{"@type":"ListItem","position":2,"name":"Special offers"}]},{"@type":"WebSite","@id":"https:\/\/camping-dordogne.net\/en\/#website","url":"https:\/\/camping-dordogne.net\/en\/","name":"Camping Brant\u00f4me Peyrelevade","description":"Camping 3 \u00e9toiles en Dordogne P\u00e9rigord","potentialAction":[{"@type":"SearchAction","target":{"@type":"EntryPoint","urlTemplate":"https:\/\/camping-dordogne.net\/en\/?s={search_term_string}"},"query-input":{"@type":"PropertyValueSpecification","valueRequired":true,"valueName":"search_term_string"}}],"inLanguage":"en-US"}]}},"_links":{"self":[{"href":"https:\/\/camping-dordogne.net\/en\/wp-json\/wp\/v2\/pages\/3882","targetHints":{"allow":["GET"]}}],"collection":[{"href":"https:\/\/camping-dordogne.net\/en\/wp-json\/wp\/v2\/pages"}],"about":[{"href":"https:\/\/camping-dordogne.net\/en\/wp-json\/wp\/v2\/types\/page"}],"author":[{"embeddable":true,"href":"https:\/\/camping-dordogne.net\/en\/wp-json\/wp\/v2\/users\/1"}],"replies":[{"embeddable":true,"href":"https:\/\/camping-dordogne.net\/en\/wp-json\/wp\/v2\/comments?post=3882"}],"version-history":[{"count":0,"href":"https:\/\/camping-dordogne.net\/en\/wp-json\/wp\/v2\/pages\/3882\/revisions"}],"wp:attachment":[{"href":"https:\/\/camping-dordogne.net\/en\/wp-json\/wp\/v2\/media?parent=3882"}],"curies":[{"name":"wp","href":"https:\/\/api.w.org\/{rel}","templated":true}]}}