{"id":996206,"date":"2025-09-15T17:13:30","date_gmt":"2025-09-15T15:13:30","guid":{"rendered":"https:\/\/camping-dordogne.net\/tarifs-emplacements\/"},"modified":"2025-09-18T19:30:10","modified_gmt":"2025-09-18T17:30:10","slug":"tariffs-pitches","status":"publish","type":"page","link":"https:\/\/camping-dordogne.net\/en\/tariffs-pitches\/","title":{"rendered":"Tariffs Pitches"},"content":{"rendered":"<div  class='flex_column av-ast8j4r-2b2b172d7cd5cc46bd0c99a0f584734a av_three_fifth  avia-builder-el-0  el_before_av_two_fifth  avia-builder-el-first  first flex_column_div  '     ><p>\n<style type=\"text\/css\" data-created_by=\"avia_inline_auto\" id=\"style-css-av-2qpqtx-bd59e39352eade07095708ad1322cdc1\">\n#top .av-special-heading.av-2qpqtx-bd59e39352eade07095708ad1322cdc1{\npadding-bottom:0;\n}\nbody .av-special-heading.av-2qpqtx-bd59e39352eade07095708ad1322cdc1 .av-special-heading-tag .heading-char{\nfont-size:25px;\n}\n.av-special-heading.av-2qpqtx-bd59e39352eade07095708ad1322cdc1 .av-subheading{\nfont-size:15px;\n}\n<\/style>\n<div  class='av-special-heading av-2qpqtx-bd59e39352eade07095708ad1322cdc1 av-special-heading-h2 blockquote modern-quote  avia-builder-el-1  el_before_av_hr  avia-builder-el-first '><h2 class='av-special-heading-tag '  itemprop=\"headline\"  >Tariffs pitches 2026<\/h2><div class=\"special-heading-border\"><div class=\"special-heading-inner-border\"><\/div><\/div><\/div><br \/>\n\n<style type=\"text\/css\" data-created_by=\"avia_inline_auto\" id=\"style-css-av-5yam9x-1-82b5e527658a99185a251d04fc0b5dc9\">\n#top .hr.av-5yam9x-1-82b5e527658a99185a251d04fc0b5dc9{\nmargin-top:5px;\nmargin-bottom:15px;\n}\n.hr.av-5yam9x-1-82b5e527658a99185a251d04fc0b5dc9 .hr-inner{\nwidth:500px;\nborder-color:#39a9dc;\n}\n<\/style>\n<div  class='hr av-5yam9x-1-82b5e527658a99185a251d04fc0b5dc9 hr-custom  avia-builder-el-2  el_after_av_heading  el_before_av_textblock  hr-left hr-icon-no'><span class='hr-inner inner-border-av-border-fat'><span class=\"hr-inner-style\"><\/span><\/span><\/div><br \/>\n<section  class='av_textblock_section av-mfmfl620-c947be74aab124b4879caad21dc76775 '   itemscope=\"itemscope\" itemtype=\"https:\/\/schema.org\/CreativeWork\" ><div class='avia_textblock'  itemprop=\"text\" ><p><strong>CONFORT PACKAGE:<\/strong><br \/>\n2 people, electricity 10 A*<br \/>\n1 tent + 1 car, or 1 caravan + 1 car, or 1 motorhome, or 1 van.<\/p>\n<p><strong>GRAND CONFORT PACKAGE:<\/strong><br \/>\nare serviced pitches : water + grey water exit<\/p>\n<\/div><\/section><\/p><\/div><div  class='flex_column av-5b0k82j-a25b25530dc0e429b25c411dea533a5f av_two_fifth  avia-builder-el-4  el_after_av_three_fifth  el_before_av_one_full  flex_column_div  '     ><p>\n<style type=\"text\/css\" data-created_by=\"avia_inline_auto\" id=\"style-css-av-kgwcir77-62b083429d9ed119f931de0d5bb98070\">\n.avia-buttonrow-wrap.av-kgwcir77-62b083429d9ed119f931de0d5bb98070 .avia-button{\nfont-size:18px;\n}\n<\/style>\n<div  class='avia-buttonrow-wrap av-kgwcir77-62b083429d9ed119f931de0d5bb98070 avia-buttonrow-left  avia-builder-el-5  el_before_av_hr  avia-builder-el-first '>\n\n<style type=\"text\/css\" data-created_by=\"avia_inline_auto\" id=\"style-css-av-pjkl1-a82f481cbca57b1d45270661d32cef88\">\n#top #wrap_all .avia-button.av-pjkl1-a82f481cbca57b1d45270661d32cef88{\nmargin-bottom:5px;\nmargin-right:5px;\n}\n<\/style>\n<a href='https:\/\/reservation.secureholiday.net\/en\/3198\/'  class='avia-button av-pjkl1-a82f481cbca57b1d45270661d32cef88 avia-icon_select-yes-left-icon avia-size-medium avia-color-theme-color'  target=\"_blank\"  rel=\"noopener noreferrer\"  aria-label=\"BOOKING and RENTALS TARIFFS\"><span class='avia_button_icon avia_button_icon_left avia-iconfont avia-font-entypo-fontello' data-av_icon='\ue832' data-av_iconfont='entypo-fontello' ><\/span><span class='avia_iconbox_title' >BOOKING and RENTALS TARIFFS<\/span><\/a>\n<\/div><br \/>\n\n<style type=\"text\/css\" data-created_by=\"avia_inline_auto\" id=\"style-css-av-mfmpt6xl-93dbf43887ea3bb5547046094a3f3d56\">\n#top .hr.hr-invisible.av-mfmpt6xl-93dbf43887ea3bb5547046094a3f3d56{\nheight:18px;\n}\n<\/style>\n<div  class='hr av-mfmpt6xl-93dbf43887ea3bb5547046094a3f3d56 hr-invisible  avia-builder-el-6  el_after_av_buttonrow  el_before_av_textblock '><span class='hr-inner '><span class=\"hr-inner-style\"><\/span><\/span><\/div><br \/>\n<section  class='av_textblock_section av-mfmg48nj-79abb231793d33070eb8042fc1a940cc '   itemscope=\"itemscope\" itemtype=\"https:\/\/schema.org\/CreativeWork\" ><div class='avia_textblock'  itemprop=\"text\" ><p><strong>Dogs:<\/strong> 3\u20ac per night<\/p>\n<p><strong>Tourist tax:<\/strong> 0.55\u20ac\/night\/adult<\/p>\n<p><strong>Environmental participation:<\/strong> 0.45\u20ac\/night\/participant<\/p>\n<\/div><\/section><\/p><\/div><\/p>\n<div  class='flex_column av-85teod7-ceacb8e8efb1ac28e0b1db46aafdc005 av_one_full  avia-builder-el-8  el_after_av_two_fifth  avia-builder-el-last  first flex_column_div  '     ><p><section  class='av_textblock_section av-mfpn5lli-5870caec27fddc10919d97be117e21e2 '   itemscope=\"itemscope\" itemtype=\"https:\/\/schema.org\/CreativeWork\" ><div class='avia_textblock'  itemprop=\"text\" ><p><em>* The pitches are equipped with European electrical sockets, so remember to bring your adapter and a 25-metre extension cord.<\/em><\/p>\n<\/div><\/section><br \/>\n<\/p><\/div>\n","protected":false},"excerpt":{"rendered":"","protected":false},"author":1,"featured_media":0,"parent":0,"menu_order":0,"comment_status":"closed","ping_status":"closed","template":"","meta":{"footnotes":""},"class_list":["post-996206","page","type-page","status-publish","hentry"],"yoast_head":"<!-- This site is optimized with the Yoast SEO plugin v27.4 - https:\/\/yoast.com\/product\/yoast-seo-wordpress\/ -->\n<title>Tarifs camping**** \u00e0 Brant\u00f4me en Dordogne en bord de rivi\u00e8re, piscine couverte chauff\u00e9e, plage, baignade, p\u00eache, cano\u00eb<\/title>\n<meta name=\"description\" content=\"D\u00e9couvrez les tarifs du camping 4 \u00e9toiles Brant\u00f4me Peyrelevade en Dordogne en bord de rivi\u00e8re. Location de mobil homes et de tentes am\u00e9nag\u00e9es. Profitez de la piscine couverte chauff\u00e9e, de la plage de sable fin, descentes en cano\u00eb, p\u00eache\" \/>\n<meta name=\"robots\" content=\"index, follow, max-snippet:-1, max-image-preview:large, max-video-preview:-1\" \/>\n<link rel=\"canonical\" href=\"https:\/\/camping-dordogne.net\/en\/tariffs-pitches\/\" \/>\n<meta property=\"og:locale\" content=\"en_US\" \/>\n<meta property=\"og:type\" content=\"article\" \/>\n<meta property=\"og:title\" content=\"Tarifs camping**** \u00e0 Brant\u00f4me en Dordogne en bord de rivi\u00e8re, piscine couverte chauff\u00e9e, plage, baignade, p\u00eache, cano\u00eb\" \/>\n<meta property=\"og:description\" content=\"D\u00e9couvrez les tarifs du camping 4 \u00e9toiles Brant\u00f4me Peyrelevade en Dordogne en bord de rivi\u00e8re. Location de mobil homes et de tentes am\u00e9nag\u00e9es. Profitez de la piscine couverte chauff\u00e9e, de la plage de sable fin, descentes en cano\u00eb, p\u00eache\" \/>\n<meta property=\"og:url\" content=\"https:\/\/camping-dordogne.net\/en\/tariffs-pitches\/\" \/>\n<meta property=\"og:site_name\" content=\"Camping Brant\u00f4me Peyrelevade\" \/>\n<meta property=\"article:publisher\" content=\"https:\/\/www.facebook.com\/campingBrantomeenPerigordPeyrelevadeDordogne\/\" \/>\n<meta property=\"article:modified_time\" content=\"2025-09-18T17:30:10+00:00\" \/>\n<meta name=\"twitter:card\" content=\"summary_large_image\" \/>\n<meta name=\"twitter:label1\" content=\"Est. reading time\" \/>\n\t<meta name=\"twitter:data1\" content=\"1 minute\" \/>\n<script type=\"application\/ld+json\" class=\"yoast-schema-graph\">{\"@context\":\"https:\\\/\\\/schema.org\",\"@graph\":[{\"@type\":\"WebPage\",\"@id\":\"https:\\\/\\\/camping-dordogne.net\\\/en\\\/tariffs-pitches\\\/\",\"url\":\"https:\\\/\\\/camping-dordogne.net\\\/en\\\/tariffs-pitches\\\/\",\"name\":\"Tarifs camping**** \u00e0 Brant\u00f4me en Dordogne en bord de rivi\u00e8re, piscine couverte chauff\u00e9e, plage, baignade, p\u00eache, cano\u00eb\",\"isPartOf\":{\"@id\":\"https:\\\/\\\/camping-dordogne.net\\\/en\\\/#website\"},\"datePublished\":\"2025-09-15T15:13:30+00:00\",\"dateModified\":\"2025-09-18T17:30:10+00:00\",\"description\":\"D\u00e9couvrez les tarifs du camping 4 \u00e9toiles Brant\u00f4me Peyrelevade en Dordogne en bord de rivi\u00e8re. Location de mobil homes et de tentes am\u00e9nag\u00e9es. Profitez de la piscine couverte chauff\u00e9e, de la plage de sable fin, descentes en cano\u00eb, p\u00eache\",\"breadcrumb\":{\"@id\":\"https:\\\/\\\/camping-dordogne.net\\\/en\\\/tariffs-pitches\\\/#breadcrumb\"},\"inLanguage\":\"en-US\",\"potentialAction\":[{\"@type\":\"ReadAction\",\"target\":[\"https:\\\/\\\/camping-dordogne.net\\\/en\\\/tariffs-pitches\\\/\"]}]},{\"@type\":\"BreadcrumbList\",\"@id\":\"https:\\\/\\\/camping-dordogne.net\\\/en\\\/tariffs-pitches\\\/#breadcrumb\",\"itemListElement\":[{\"@type\":\"ListItem\",\"position\":1,\"name\":\"Accueil\",\"item\":\"https:\\\/\\\/camping-dordogne.net\\\/en\\\/\"},{\"@type\":\"ListItem\",\"position\":2,\"name\":\"Tariffs Pitches\"}]},{\"@type\":\"WebSite\",\"@id\":\"https:\\\/\\\/camping-dordogne.net\\\/en\\\/#website\",\"url\":\"https:\\\/\\\/camping-dordogne.net\\\/en\\\/\",\"name\":\"Camping Brant\u00f4me Peyrelevade\",\"description\":\"Camping 3 \u00e9toiles en Dordogne P\u00e9rigord\",\"potentialAction\":[{\"@type\":\"SearchAction\",\"target\":{\"@type\":\"EntryPoint\",\"urlTemplate\":\"https:\\\/\\\/camping-dordogne.net\\\/en\\\/?s={search_term_string}\"},\"query-input\":{\"@type\":\"PropertyValueSpecification\",\"valueRequired\":true,\"valueName\":\"search_term_string\"}}],\"inLanguage\":\"en-US\"}]}<\/script>\n<!-- \/ Yoast SEO plugin. -->","yoast_head_json":{"title":"Tarifs camping**** \u00e0 Brant\u00f4me en Dordogne en bord de rivi\u00e8re, piscine couverte chauff\u00e9e, plage, baignade, p\u00eache, cano\u00eb","description":"D\u00e9couvrez les tarifs du camping 4 \u00e9toiles Brant\u00f4me Peyrelevade en Dordogne en bord de rivi\u00e8re. Location de mobil homes et de tentes am\u00e9nag\u00e9es. Profitez de la piscine couverte chauff\u00e9e, de la plage de sable fin, descentes en cano\u00eb, p\u00eache","robots":{"index":"index","follow":"follow","max-snippet":"max-snippet:-1","max-image-preview":"max-image-preview:large","max-video-preview":"max-video-preview:-1"},"canonical":"https:\/\/camping-dordogne.net\/en\/tariffs-pitches\/","og_locale":"en_US","og_type":"article","og_title":"Tarifs camping**** \u00e0 Brant\u00f4me en Dordogne en bord de rivi\u00e8re, piscine couverte chauff\u00e9e, plage, baignade, p\u00eache, cano\u00eb","og_description":"D\u00e9couvrez les tarifs du camping 4 \u00e9toiles Brant\u00f4me Peyrelevade en Dordogne en bord de rivi\u00e8re. Location de mobil homes et de tentes am\u00e9nag\u00e9es. Profitez de la piscine couverte chauff\u00e9e, de la plage de sable fin, descentes en cano\u00eb, p\u00eache","og_url":"https:\/\/camping-dordogne.net\/en\/tariffs-pitches\/","og_site_name":"Camping Brant\u00f4me Peyrelevade","article_publisher":"https:\/\/www.facebook.com\/campingBrantomeenPerigordPeyrelevadeDordogne\/","article_modified_time":"2025-09-18T17:30:10+00:00","twitter_card":"summary_large_image","twitter_misc":{"Est. reading time":"1 minute"},"schema":{"@context":"https:\/\/schema.org","@graph":[{"@type":"WebPage","@id":"https:\/\/camping-dordogne.net\/en\/tariffs-pitches\/","url":"https:\/\/camping-dordogne.net\/en\/tariffs-pitches\/","name":"Tarifs camping**** \u00e0 Brant\u00f4me en Dordogne en bord de rivi\u00e8re, piscine couverte chauff\u00e9e, plage, baignade, p\u00eache, cano\u00eb","isPartOf":{"@id":"https:\/\/camping-dordogne.net\/en\/#website"},"datePublished":"2025-09-15T15:13:30+00:00","dateModified":"2025-09-18T17:30:10+00:00","description":"D\u00e9couvrez les tarifs du camping 4 \u00e9toiles Brant\u00f4me Peyrelevade en Dordogne en bord de rivi\u00e8re. Location de mobil homes et de tentes am\u00e9nag\u00e9es. Profitez de la piscine couverte chauff\u00e9e, de la plage de sable fin, descentes en cano\u00eb, p\u00eache","breadcrumb":{"@id":"https:\/\/camping-dordogne.net\/en\/tariffs-pitches\/#breadcrumb"},"inLanguage":"en-US","potentialAction":[{"@type":"ReadAction","target":["https:\/\/camping-dordogne.net\/en\/tariffs-pitches\/"]}]},{"@type":"BreadcrumbList","@id":"https:\/\/camping-dordogne.net\/en\/tariffs-pitches\/#breadcrumb","itemListElement":[{"@type":"ListItem","position":1,"name":"Accueil","item":"https:\/\/camping-dordogne.net\/en\/"},{"@type":"ListItem","position":2,"name":"Tariffs Pitches"}]},{"@type":"WebSite","@id":"https:\/\/camping-dordogne.net\/en\/#website","url":"https:\/\/camping-dordogne.net\/en\/","name":"Camping Brant\u00f4me Peyrelevade","description":"Camping 3 \u00e9toiles en Dordogne P\u00e9rigord","potentialAction":[{"@type":"SearchAction","target":{"@type":"EntryPoint","urlTemplate":"https:\/\/camping-dordogne.net\/en\/?s={search_term_string}"},"query-input":{"@type":"PropertyValueSpecification","valueRequired":true,"valueName":"search_term_string"}}],"inLanguage":"en-US"}]}},"_links":{"self":[{"href":"https:\/\/camping-dordogne.net\/en\/wp-json\/wp\/v2\/pages\/996206","targetHints":{"allow":["GET"]}}],"collection":[{"href":"https:\/\/camping-dordogne.net\/en\/wp-json\/wp\/v2\/pages"}],"about":[{"href":"https:\/\/camping-dordogne.net\/en\/wp-json\/wp\/v2\/types\/page"}],"author":[{"embeddable":true,"href":"https:\/\/camping-dordogne.net\/en\/wp-json\/wp\/v2\/users\/1"}],"replies":[{"embeddable":true,"href":"https:\/\/camping-dordogne.net\/en\/wp-json\/wp\/v2\/comments?post=996206"}],"version-history":[{"count":0,"href":"https:\/\/camping-dordogne.net\/en\/wp-json\/wp\/v2\/pages\/996206\/revisions"}],"wp:attachment":[{"href":"https:\/\/camping-dordogne.net\/en\/wp-json\/wp\/v2\/media?parent=996206"}],"curies":[{"name":"wp","href":"https:\/\/api.w.org\/{rel}","templated":true}]}}