{"id":3236,"date":"2019-12-16T11:44:24","date_gmt":"2019-12-16T10:44:24","guid":{"rendered":"https:\/\/camping-dordogne.net\/visite-virtuelle\/"},"modified":"2025-05-19T17:36:33","modified_gmt":"2025-05-19T15:36:33","slug":"virtuele-tour","status":"publish","type":"page","link":"https:\/\/camping-dordogne.net\/nl\/virtuele-tour\/","title":{"rendered":"Virtuele tour"},"content":{"rendered":"<div id='full_slider_1'  class='avia-fullwidth-slider main_color avia-shadow av-mini-hide  avia-builder-el-0  el_before_av_slideshow_full  avia-builder-el-first   container_wrap sidebar_right'  ><div  class='avia-slideshow av-6pf2a5-aedaa8e29fe6ed880a10fde650389df6 avia-slideshow-featured av_slideshow_full avia-fade-slider av-mini-hide av-slideshow-ui av-control-hidden av-no-slider-navigation av-hide-nav-arrows av-slideshow-autoplay av-loop-endless av-loop-manual-endless av-default-height-applied   avia-slideshow-1' data-slideshow-options=\"{&quot;animation&quot;:&quot;fade&quot;,&quot;autoplay&quot;:true,&quot;loop_autoplay&quot;:&quot;endless&quot;,&quot;interval&quot;:5,&quot;loop_manual&quot;:&quot;manual-endless&quot;,&quot;autoplay_stopper&quot;:false,&quot;noNavigation&quot;:true,&quot;bg_slider&quot;:false,&quot;keep_padding&quot;:false,&quot;hoverpause&quot;:false,&quot;show_slide_delay&quot;:0}\"  itemprop=\"image\" itemscope=\"itemscope\" itemtype=\"https:\/\/schema.org\/ImageObject\" ><ul class='avia-slideshow-inner ' style='padding-bottom: 28.666666666667%;'><li  class='avia-slideshow-slide av-6pf2a5-aedaa8e29fe6ed880a10fde650389df6__0  av-single-slide slide-1 slide-odd'><div data-rel='slideshow-1' class='avia-slide-wrap '   ><img decoding=\"async\" fetchpriority=\"high\" class=\"wp-image-3226 avia-img-lazy-loading-not-3226\"  src=\"https:\/\/camping-dordogne.net\/wp-content\/uploads\/2019\/12\/header-visite-virtuel-camping-1500x430.jpg\" width=\"1500\" height=\"430\" title='header-visite-virtuel-camping-1500x430' alt=''  itemprop=\"thumbnailUrl\" srcset=\"https:\/\/camping-dordogne.net\/wp-content\/uploads\/2019\/12\/header-visite-virtuel-camping-1500x430.jpg 1500w, https:\/\/camping-dordogne.net\/wp-content\/uploads\/2019\/12\/header-visite-virtuel-camping-1500x430-300x86.jpg 300w, https:\/\/camping-dordogne.net\/wp-content\/uploads\/2019\/12\/header-visite-virtuel-camping-1500x430-768x220.jpg 768w, https:\/\/camping-dordogne.net\/wp-content\/uploads\/2019\/12\/header-visite-virtuel-camping-1500x430-1030x295.jpg 1030w, https:\/\/camping-dordogne.net\/wp-content\/uploads\/2019\/12\/header-visite-virtuel-camping-1500x430-705x202.jpg 705w, https:\/\/camping-dordogne.net\/wp-content\/uploads\/2019\/12\/header-visite-virtuel-camping-1500x430-450x129.jpg 450w\" sizes=\"(max-width: 1500px) 100vw, 1500px\" \/><\/div><\/li><\/ul><\/div><\/div>\n<div id='full_slider_2'  class='avia-fullwidth-slider main_color avia-shadow av-desktop-hide av-medium-hide av-small-hide  avia-builder-el-1  el_after_av_slideshow_full  el_before_av_section   slider-not-first container_wrap sidebar_right'  ><div  class='avia-slideshow av-lo5jj0pf-100b4e5d2a27ddaa9880a1670e771d07 avia-slideshow-featured av_slideshow_full avia-fade-slider av-desktop-hide av-medium-hide av-small-hide av-slideshow-ui av-control-hidden av-no-slider-navigation av-hide-nav-arrows av-slideshow-autoplay av-loop-endless av-loop-manual-endless av-default-height-applied   avia-slideshow-2' data-slideshow-options=\"{&quot;animation&quot;:&quot;fade&quot;,&quot;autoplay&quot;:true,&quot;loop_autoplay&quot;:&quot;endless&quot;,&quot;interval&quot;:5,&quot;loop_manual&quot;:&quot;manual-endless&quot;,&quot;autoplay_stopper&quot;:false,&quot;noNavigation&quot;:true,&quot;bg_slider&quot;:false,&quot;keep_padding&quot;:false,&quot;hoverpause&quot;:false,&quot;show_slide_delay&quot;:0}\"  itemprop=\"image\" itemscope=\"itemscope\" itemtype=\"https:\/\/schema.org\/ImageObject\" ><ul class='avia-slideshow-inner ' style='padding-bottom: 28.75%;'><li  class='avia-slideshow-slide av-lo5jj0pf-100b4e5d2a27ddaa9880a1670e771d07__0  av-single-slide slide-1 slide-odd'><div data-rel='slideshow-2' class='avia-slide-wrap '   ><img decoding=\"async\" fetchpriority=\"high\" class=\"wp-image-5228 avia-img-lazy-loading-not-5228\"  src=\"https:\/\/camping-dordogne.net\/wp-content\/uploads\/2023\/10\/header-visite-virtuel-camping-1500x430-Mob.jpg\" width=\"400\" height=\"115\" title='header-visite-virtuel-camping-1500x430-Mob' alt=''  itemprop=\"thumbnailUrl\" srcset=\"https:\/\/camping-dordogne.net\/wp-content\/uploads\/2023\/10\/header-visite-virtuel-camping-1500x430-Mob.jpg 400w, https:\/\/camping-dordogne.net\/wp-content\/uploads\/2023\/10\/header-visite-virtuel-camping-1500x430-Mob-300x86.jpg 300w\" sizes=\"(max-width: 400px) 100vw, 400px\" \/><\/div><\/li><\/ul><\/div><\/div>\n<div id='av_section_1'  class='avia-section av-66728t-2701b4568a8f827ecbccac78cef6991c main_color avia-section-default avia-no-border-styling  avia-builder-el-2  el_after_av_slideshow_full  avia-builder-el-last  avia-bg-style-scroll container_wrap sidebar_right'  ><div class='container av-section-cont-open' ><div class='template-page content  av-content-small alpha units'><div class='post-entry post-entry-type-page post-entry-3236'><div class='entry-content-wrapper clearfix'>\n\n<style type=\"text\/css\" data-created_by=\"avia_inline_auto\" id=\"style-css-av-k48cqtqy-5fda8cfa502fdfd5efb7012f3367b902\">\n#top .av-special-heading.av-k48cqtqy-5fda8cfa502fdfd5efb7012f3367b902{\npadding-bottom:0;\n}\nbody .av-special-heading.av-k48cqtqy-5fda8cfa502fdfd5efb7012f3367b902 .av-special-heading-tag .heading-char{\nfont-size:25px;\n}\n.av-special-heading.av-k48cqtqy-5fda8cfa502fdfd5efb7012f3367b902 .av-subheading{\nfont-size:15px;\n}\n<\/style>\n<div  class='av-special-heading av-k48cqtqy-5fda8cfa502fdfd5efb7012f3367b902 av-special-heading-h2 blockquote modern-quote modern-centered  avia-builder-el-3  el_before_av_hr  avia-builder-el-first '><h2 class='av-special-heading-tag '  itemprop=\"headline\"  >Virtuele tour van de camping<\/h2><div class=\"special-heading-border\"><div class=\"special-heading-inner-border\"><\/div><\/div><\/div>\n\n<style type=\"text\/css\" data-created_by=\"avia_inline_auto\" id=\"style-css-av-5yam9x-3513992e58659660248631913dbd9d32\">\n#top .hr.av-5yam9x-3513992e58659660248631913dbd9d32{\nmargin-top:5px;\nmargin-bottom:15px;\n}\n.hr.av-5yam9x-3513992e58659660248631913dbd9d32 .hr-inner{\nwidth:50px;\nborder-color:#39a9dc;\n}\n<\/style>\n<div  class='hr av-5yam9x-3513992e58659660248631913dbd9d32 hr-custom  avia-builder-el-4  el_after_av_heading  el_before_av_codeblock  hr-center hr-icon-no'><span class='hr-inner inner-border-av-border-fat'><span class=\"hr-inner-style\"><\/span><\/span><\/div>\n\n<\/div><\/div><\/div><!-- close content main div --><\/div><\/div><div id='after_section_1'  class='main_color av_default_container_wrap container_wrap sidebar_right'  ><div class='container av-section-cont-open' ><div class='template-page content  av-content-small alpha units'><div class='post-entry post-entry-type-page post-entry-3236'><div class='entry-content-wrapper clearfix'>\n","protected":false},"excerpt":{"rendered":"","protected":false},"author":1,"featured_media":0,"parent":0,"menu_order":0,"comment_status":"closed","ping_status":"closed","template":"","meta":{"footnotes":""},"class_list":["post-3236","page","type-page","status-publish","hentry"],"yoast_head":"<!-- This site is optimized with the Yoast SEO plugin v27.4 - https:\/\/yoast.com\/product\/yoast-seo-wordpress\/ -->\n<title>Virtuele tour 4 sterren camping in Dordogne Brant\u00f4me Peyrelevade<\/title>\n<meta name=\"description\" content=\"Virtuele rondleiding door de camping in de Dordogne, de camping Brant\u00f4me Peyrelevade verwelkomt u met verwarmd zwembad, stacaravanverhuur en lodge-tenten\" \/>\n<meta name=\"robots\" content=\"index, follow, max-snippet:-1, max-image-preview:large, max-video-preview:-1\" \/>\n<link rel=\"canonical\" href=\"https:\/\/camping-dordogne.net\/nl\/virtuele-tour\/\" \/>\n<meta property=\"og:locale\" content=\"nl_NL\" \/>\n<meta property=\"og:type\" content=\"article\" \/>\n<meta property=\"og:title\" content=\"Virtuele tour 4 sterren camping in Dordogne Brant\u00f4me Peyrelevade\" \/>\n<meta property=\"og:description\" content=\"Virtuele rondleiding door de camping in de Dordogne, de camping Brant\u00f4me Peyrelevade verwelkomt u met verwarmd zwembad, stacaravanverhuur en lodge-tenten\" \/>\n<meta property=\"og:url\" content=\"https:\/\/camping-dordogne.net\/nl\/virtuele-tour\/\" \/>\n<meta property=\"og:site_name\" content=\"Camping Brant\u00f4me Peyrelevade\" \/>\n<meta property=\"article:publisher\" content=\"https:\/\/www.facebook.com\/campingBrantomeenPerigordPeyrelevadeDordogne\/\" \/>\n<meta property=\"article:modified_time\" content=\"2025-05-19T15:36:33+00:00\" \/>\n<meta name=\"twitter:card\" content=\"summary_large_image\" \/>\n<meta name=\"twitter:label1\" content=\"Geschatte leestijd\" \/>\n\t<meta name=\"twitter:data1\" content=\"1 minuut\" \/>\n<script type=\"application\/ld+json\" class=\"yoast-schema-graph\">{\"@context\":\"https:\\\/\\\/schema.org\",\"@graph\":[{\"@type\":\"WebPage\",\"@id\":\"https:\\\/\\\/camping-dordogne.net\\\/nl\\\/virtuele-tour\\\/\",\"url\":\"https:\\\/\\\/camping-dordogne.net\\\/nl\\\/virtuele-tour\\\/\",\"name\":\"Virtuele tour 4 sterren camping in Dordogne Brant\u00f4me Peyrelevade\",\"isPartOf\":{\"@id\":\"https:\\\/\\\/camping-dordogne.net\\\/en\\\/#website\"},\"datePublished\":\"2019-12-16T10:44:24+00:00\",\"dateModified\":\"2025-05-19T15:36:33+00:00\",\"description\":\"Virtuele rondleiding door de camping in de Dordogne, de camping Brant\u00f4me Peyrelevade verwelkomt u met verwarmd zwembad, stacaravanverhuur en lodge-tenten\",\"breadcrumb\":{\"@id\":\"https:\\\/\\\/camping-dordogne.net\\\/nl\\\/virtuele-tour\\\/#breadcrumb\"},\"inLanguage\":\"nl-NL\",\"potentialAction\":[{\"@type\":\"ReadAction\",\"target\":[\"https:\\\/\\\/camping-dordogne.net\\\/nl\\\/virtuele-tour\\\/\"]}]},{\"@type\":\"BreadcrumbList\",\"@id\":\"https:\\\/\\\/camping-dordogne.net\\\/nl\\\/virtuele-tour\\\/#breadcrumb\",\"itemListElement\":[{\"@type\":\"ListItem\",\"position\":1,\"name\":\"Accueil\",\"item\":\"https:\\\/\\\/camping-dordogne.net\\\/nl\\\/\"},{\"@type\":\"ListItem\",\"position\":2,\"name\":\"Virtuele tour\"}]},{\"@type\":\"WebSite\",\"@id\":\"https:\\\/\\\/camping-dordogne.net\\\/en\\\/#website\",\"url\":\"https:\\\/\\\/camping-dordogne.net\\\/en\\\/\",\"name\":\"Camping Brant\u00f4me Peyrelevade\",\"description\":\"Camping 3 \u00e9toiles en Dordogne P\u00e9rigord\",\"potentialAction\":[{\"@type\":\"SearchAction\",\"target\":{\"@type\":\"EntryPoint\",\"urlTemplate\":\"https:\\\/\\\/camping-dordogne.net\\\/en\\\/?s={search_term_string}\"},\"query-input\":{\"@type\":\"PropertyValueSpecification\",\"valueRequired\":true,\"valueName\":\"search_term_string\"}}],\"inLanguage\":\"nl-NL\"}]}<\/script>\n<!-- \/ Yoast SEO plugin. -->","yoast_head_json":{"title":"Virtuele tour 4 sterren camping in Dordogne Brant\u00f4me Peyrelevade","description":"Virtuele rondleiding door de camping in de Dordogne, de camping Brant\u00f4me Peyrelevade verwelkomt u met verwarmd zwembad, stacaravanverhuur en lodge-tenten","robots":{"index":"index","follow":"follow","max-snippet":"max-snippet:-1","max-image-preview":"max-image-preview:large","max-video-preview":"max-video-preview:-1"},"canonical":"https:\/\/camping-dordogne.net\/nl\/virtuele-tour\/","og_locale":"nl_NL","og_type":"article","og_title":"Virtuele tour 4 sterren camping in Dordogne Brant\u00f4me Peyrelevade","og_description":"Virtuele rondleiding door de camping in de Dordogne, de camping Brant\u00f4me Peyrelevade verwelkomt u met verwarmd zwembad, stacaravanverhuur en lodge-tenten","og_url":"https:\/\/camping-dordogne.net\/nl\/virtuele-tour\/","og_site_name":"Camping Brant\u00f4me Peyrelevade","article_publisher":"https:\/\/www.facebook.com\/campingBrantomeenPerigordPeyrelevadeDordogne\/","article_modified_time":"2025-05-19T15:36:33+00:00","twitter_card":"summary_large_image","twitter_misc":{"Geschatte leestijd":"1 minuut"},"schema":{"@context":"https:\/\/schema.org","@graph":[{"@type":"WebPage","@id":"https:\/\/camping-dordogne.net\/nl\/virtuele-tour\/","url":"https:\/\/camping-dordogne.net\/nl\/virtuele-tour\/","name":"Virtuele tour 4 sterren camping in Dordogne Brant\u00f4me Peyrelevade","isPartOf":{"@id":"https:\/\/camping-dordogne.net\/en\/#website"},"datePublished":"2019-12-16T10:44:24+00:00","dateModified":"2025-05-19T15:36:33+00:00","description":"Virtuele rondleiding door de camping in de Dordogne, de camping Brant\u00f4me Peyrelevade verwelkomt u met verwarmd zwembad, stacaravanverhuur en lodge-tenten","breadcrumb":{"@id":"https:\/\/camping-dordogne.net\/nl\/virtuele-tour\/#breadcrumb"},"inLanguage":"nl-NL","potentialAction":[{"@type":"ReadAction","target":["https:\/\/camping-dordogne.net\/nl\/virtuele-tour\/"]}]},{"@type":"BreadcrumbList","@id":"https:\/\/camping-dordogne.net\/nl\/virtuele-tour\/#breadcrumb","itemListElement":[{"@type":"ListItem","position":1,"name":"Accueil","item":"https:\/\/camping-dordogne.net\/nl\/"},{"@type":"ListItem","position":2,"name":"Virtuele tour"}]},{"@type":"WebSite","@id":"https:\/\/camping-dordogne.net\/en\/#website","url":"https:\/\/camping-dordogne.net\/en\/","name":"Camping Brant\u00f4me Peyrelevade","description":"Camping 3 \u00e9toiles en Dordogne P\u00e9rigord","potentialAction":[{"@type":"SearchAction","target":{"@type":"EntryPoint","urlTemplate":"https:\/\/camping-dordogne.net\/en\/?s={search_term_string}"},"query-input":{"@type":"PropertyValueSpecification","valueRequired":true,"valueName":"search_term_string"}}],"inLanguage":"nl-NL"}]}},"_links":{"self":[{"href":"https:\/\/camping-dordogne.net\/nl\/wp-json\/wp\/v2\/pages\/3236","targetHints":{"allow":["GET"]}}],"collection":[{"href":"https:\/\/camping-dordogne.net\/nl\/wp-json\/wp\/v2\/pages"}],"about":[{"href":"https:\/\/camping-dordogne.net\/nl\/wp-json\/wp\/v2\/types\/page"}],"author":[{"embeddable":true,"href":"https:\/\/camping-dordogne.net\/nl\/wp-json\/wp\/v2\/users\/1"}],"replies":[{"embeddable":true,"href":"https:\/\/camping-dordogne.net\/nl\/wp-json\/wp\/v2\/comments?post=3236"}],"version-history":[{"count":0,"href":"https:\/\/camping-dordogne.net\/nl\/wp-json\/wp\/v2\/pages\/3236\/revisions"}],"wp:attachment":[{"href":"https:\/\/camping-dordogne.net\/nl\/wp-json\/wp\/v2\/media?parent=3236"}],"curies":[{"name":"wp","href":"https:\/\/api.w.org\/{rel}","templated":true}]}}