{"id":3621,"date":"2020-10-21T09:57:37","date_gmt":"2020-10-21T07:57:37","guid":{"rendered":"https:\/\/camping-dordogne.net\/tarifs\/"},"modified":"2025-05-19T17:32:10","modified_gmt":"2025-05-19T15:32:10","slug":"tarieven","status":"publish","type":"page","link":"https:\/\/camping-dordogne.net\/nl\/tarieven\/","title":{"rendered":"Tarieven"},"content":{"rendered":"<div  class='avia-buttonrow-wrap av-kgwcir77-4a2fc51bcc324e97dabb1fdbe15d11d7 avia-buttonrow-center  avia-builder-el-0  el_before_av_hr  avia-builder-el-first '>\n\n<style type=\"text\/css\" data-created_by=\"avia_inline_auto\" id=\"style-css-av-45zt85-dcfc4c94af2af5941040acc62e1ca1cd\">\n#top #wrap_all .avia-button.av-45zt85-dcfc4c94af2af5941040acc62e1ca1cd{\nmargin-bottom:5px;\nmargin-right:3px;\nmargin-left:3px;\n}\n<\/style>\n<a href='#locations'  class='avia-button av-45zt85-dcfc4c94af2af5941040acc62e1ca1cd avia-icon_select-yes-left-icon avia-size-medium avia-color-theme-color'   aria-label=\"TARIEVEN VERHUUR\"><span class='avia_button_icon avia_button_icon_left avia-iconfont avia-font-entypo-fontello' data-av_icon='\ue832' data-av_iconfont='entypo-fontello' ><\/span><span class='avia_iconbox_title' >TARIEVEN VERHUUR<\/span><\/a>\n\n<style type=\"text\/css\" data-created_by=\"avia_inline_auto\" id=\"style-css-av-2lrmut-37335a6662cb56bc9db7784fcd7d456e\">\n#top #wrap_all .avia-button.av-2lrmut-37335a6662cb56bc9db7784fcd7d456e{\nmargin-bottom:5px;\nmargin-right:3px;\nmargin-left:3px;\n}\n<\/style>\n<a href='#emplacements'  class='avia-button av-2lrmut-37335a6662cb56bc9db7784fcd7d456e avia-icon_select-yes-left-icon avia-size-medium avia-color-theme-color'   aria-label=\"TARIEVEN KAMPEERPLAATSEN\"><span class='avia_button_icon avia_button_icon_left avia-iconfont avia-font-entypo-fontello' data-av_icon='\ue832' data-av_iconfont='entypo-fontello' ><\/span><span class='avia_iconbox_title' >TARIEVEN KAMPEERPLAATSEN<\/span><\/a>\n<\/div>\n\n<style type=\"text\/css\" data-created_by=\"avia_inline_auto\" id=\"style-css-av-5yam9x-f88a9a50e044473d72d5032bc5666a6e\">\n#top .hr.hr-invisible.av-5yam9x-f88a9a50e044473d72d5032bc5666a6e{\nmargin-top:0px;\nheight:1px;\n}\n<\/style>\n<div  id=\"locations\"  class='hr av-5yam9x-f88a9a50e044473d72d5032bc5666a6e hr-invisible  avia-builder-el-1  el_after_av_buttonrow  el_before_av_heading '><span class='hr-inner '><span class=\"hr-inner-style\"><\/span><\/span><\/div>\n\n<style type=\"text\/css\" data-created_by=\"avia_inline_auto\" id=\"style-css-av-av_heading-c8c8b341ba300037f3345bc55285c58f\">\n#top .av-special-heading.av-av_heading-c8c8b341ba300037f3345bc55285c58f{\npadding-bottom:0;\n}\nbody .av-special-heading.av-av_heading-c8c8b341ba300037f3345bc55285c58f .av-special-heading-tag .heading-char{\nfont-size:25px;\n}\n.av-special-heading.av-av_heading-c8c8b341ba300037f3345bc55285c58f .av-subheading{\nfont-size:15px;\n}\n<\/style>\n<div  class='av-special-heading av-av_heading-c8c8b341ba300037f3345bc55285c58f av-special-heading-h2 blockquote modern-quote modern-centered  avia-builder-el-2  el_after_av_hr  el_before_av_hr '><h2 class='av-special-heading-tag '  itemprop=\"headline\"  >Tarieven verhuur<\/h2><div class=\"special-heading-border\"><div class=\"special-heading-inner-border\"><\/div><\/div><\/div>\n\n<style type=\"text\/css\" data-created_by=\"avia_inline_auto\" id=\"style-css-av-5yam9x-afd5c23fdb0d770d1990f2f4093a1835\">\n#top .hr.av-5yam9x-afd5c23fdb0d770d1990f2f4093a1835{\nmargin-top:5px;\nmargin-bottom:15px;\n}\n.hr.av-5yam9x-afd5c23fdb0d770d1990f2f4093a1835 .hr-inner{\nwidth:50px;\nborder-color:#39a9dc;\n}\n<\/style>\n<div  class='hr av-5yam9x-afd5c23fdb0d770d1990f2f4093a1835 hr-custom  avia-builder-el-3  el_after_av_heading  el_before_av_textblock  hr-center hr-icon-no'><span class='hr-inner inner-border-av-border-fat'><span class=\"hr-inner-style\"><\/span><\/span><\/div>\n<section  class='av_textblock_section av-kgj6dqif-bbede11bd65298ddd29ba23f315dc2f5 '   itemscope=\"itemscope\" itemtype=\"https:\/\/schema.org\/CreativeWork\" ><div class='avia_textblock'  itemprop=\"text\" ><p><code><\/code><\/p>\n<\/div><\/section>\n\n<style type=\"text\/css\" data-created_by=\"avia_inline_auto\" id=\"style-css-av-5yam9x-9b1810043fd3401651822dbc7a8471ef\">\n#top .hr.hr-invisible.av-5yam9x-9b1810043fd3401651822dbc7a8471ef{\nmargin-top:0px;\nheight:1px;\n}\n<\/style>\n<div  id=\"emplacements\"  class='hr av-5yam9x-9b1810043fd3401651822dbc7a8471ef hr-invisible  avia-builder-el-5  el_after_av_textblock  el_before_av_heading '><span class='hr-inner '><span class=\"hr-inner-style\"><\/span><\/span><\/div>\n\n<style type=\"text\/css\" data-created_by=\"avia_inline_auto\" id=\"style-css-av-av_heading-b39a85782f0290539bc52b490fa5e433\">\n#top .av-special-heading.av-av_heading-b39a85782f0290539bc52b490fa5e433{\npadding-bottom:0;\n}\nbody .av-special-heading.av-av_heading-b39a85782f0290539bc52b490fa5e433 .av-special-heading-tag .heading-char{\nfont-size:25px;\n}\n.av-special-heading.av-av_heading-b39a85782f0290539bc52b490fa5e433 .av-subheading{\nfont-size:15px;\n}\n<\/style>\n<div  class='av-special-heading av-av_heading-b39a85782f0290539bc52b490fa5e433 av-special-heading-h2 blockquote modern-quote modern-centered  avia-builder-el-6  el_after_av_hr  el_before_av_hr '><h2 class='av-special-heading-tag '  itemprop=\"headline\"  >Tarieven kampeerplaatsen<\/h2><div class=\"special-heading-border\"><div class=\"special-heading-inner-border\"><\/div><\/div><\/div>\n\n<style type=\"text\/css\" data-created_by=\"avia_inline_auto\" id=\"style-css-av-5yam9x-3513992e58659660248631913dbd9d32\">\n#top .hr.av-5yam9x-3513992e58659660248631913dbd9d32{\nmargin-top:5px;\nmargin-bottom:15px;\n}\n.hr.av-5yam9x-3513992e58659660248631913dbd9d32 .hr-inner{\nwidth:50px;\nborder-color:#39a9dc;\n}\n<\/style>\n<div  class='hr av-5yam9x-3513992e58659660248631913dbd9d32 hr-custom  avia-builder-el-7  el_after_av_heading  el_before_av_textblock  hr-center hr-icon-no'><span class='hr-inner inner-border-av-border-fat'><span class=\"hr-inner-style\"><\/span><\/span><\/div>\n<section  class='av_textblock_section av-kgj6edus-0ab3468e616c64bc2f23e991a3f7ec84 '   itemscope=\"itemscope\" itemtype=\"https:\/\/schema.org\/CreativeWork\" ><div class='avia_textblock'  itemprop=\"text\" ><\/div><\/section>\n","protected":false},"excerpt":{"rendered":"","protected":false},"author":1,"featured_media":0,"parent":0,"menu_order":0,"comment_status":"closed","ping_status":"closed","template":"","meta":{"footnotes":""},"class_list":["post-3621","page","type-page","status-publish","hentry"],"yoast_head":"<!-- This site is optimized with the Yoast SEO plugin v27.3 - https:\/\/yoast.com\/product\/yoast-seo-wordpress\/ -->\n<title>Camping tarieven **** in Brant\u00f4me en Dordogne aan de rivier, verwarmd binnenzwembad, strand, zwemmen, vissen, kano\u00ebn<\/title>\n<meta name=\"description\" content=\"Ontdek de prijzen van de 4-sterrencamping Brant\u00f4me Peyrelevade in de Dordogne aan de rivier. Verhuur van stacaravans en tenten. Geniet van het verwarmde binnenzwembad, het zandstrand, kano\u00ebn, vissen\" \/>\n<meta name=\"robots\" content=\"index, follow, max-snippet:-1, max-image-preview:large, max-video-preview:-1\" \/>\n<link rel=\"canonical\" href=\"https:\/\/camping-dordogne.net\/nl\/tarieven\/\" \/>\n<meta property=\"og:locale\" content=\"nl_NL\" \/>\n<meta property=\"og:type\" content=\"article\" \/>\n<meta property=\"og:title\" content=\"Camping tarieven **** in Brant\u00f4me en Dordogne aan de rivier, verwarmd binnenzwembad, strand, zwemmen, vissen, kano\u00ebn\" \/>\n<meta property=\"og:description\" content=\"Ontdek de prijzen van de 4-sterrencamping Brant\u00f4me Peyrelevade in de Dordogne aan de rivier. Verhuur van stacaravans en tenten. Geniet van het verwarmde binnenzwembad, het zandstrand, kano\u00ebn, vissen\" \/>\n<meta property=\"og:url\" content=\"https:\/\/camping-dordogne.net\/nl\/tarieven\/\" \/>\n<meta property=\"og:site_name\" content=\"Camping Brant\u00f4me Peyrelevade\" \/>\n<meta property=\"article:publisher\" content=\"https:\/\/www.facebook.com\/campingBrantomeenPerigordPeyrelevadeDordogne\/\" \/>\n<meta property=\"article:modified_time\" content=\"2025-05-19T15:32:10+00:00\" \/>\n<meta name=\"twitter:card\" content=\"summary_large_image\" \/>\n<meta name=\"twitter:label1\" content=\"Geschatte leestijd\" \/>\n\t<meta name=\"twitter:data1\" content=\"1 minuut\" \/>\n<script type=\"application\/ld+json\" class=\"yoast-schema-graph\">{\"@context\":\"https:\\\/\\\/schema.org\",\"@graph\":[{\"@type\":\"WebPage\",\"@id\":\"https:\\\/\\\/camping-dordogne.net\\\/nl\\\/tarieven\\\/\",\"url\":\"https:\\\/\\\/camping-dordogne.net\\\/nl\\\/tarieven\\\/\",\"name\":\"Camping tarieven **** in Brant\u00f4me en Dordogne aan de rivier, verwarmd binnenzwembad, strand, zwemmen, vissen, kano\u00ebn\",\"isPartOf\":{\"@id\":\"https:\\\/\\\/camping-dordogne.net\\\/en\\\/#website\"},\"datePublished\":\"2020-10-21T07:57:37+00:00\",\"dateModified\":\"2025-05-19T15:32:10+00:00\",\"description\":\"Ontdek de prijzen van de 4-sterrencamping Brant\u00f4me Peyrelevade in de Dordogne aan de rivier. Verhuur van stacaravans en tenten. Geniet van het verwarmde binnenzwembad, het zandstrand, kano\u00ebn, vissen\",\"breadcrumb\":{\"@id\":\"https:\\\/\\\/camping-dordogne.net\\\/nl\\\/tarieven\\\/#breadcrumb\"},\"inLanguage\":\"nl-NL\",\"potentialAction\":[{\"@type\":\"ReadAction\",\"target\":[\"https:\\\/\\\/camping-dordogne.net\\\/nl\\\/tarieven\\\/\"]}]},{\"@type\":\"BreadcrumbList\",\"@id\":\"https:\\\/\\\/camping-dordogne.net\\\/nl\\\/tarieven\\\/#breadcrumb\",\"itemListElement\":[{\"@type\":\"ListItem\",\"position\":1,\"name\":\"Accueil\",\"item\":\"https:\\\/\\\/camping-dordogne.net\\\/nl\\\/\"},{\"@type\":\"ListItem\",\"position\":2,\"name\":\"Tarieven\"}]},{\"@type\":\"WebSite\",\"@id\":\"https:\\\/\\\/camping-dordogne.net\\\/en\\\/#website\",\"url\":\"https:\\\/\\\/camping-dordogne.net\\\/en\\\/\",\"name\":\"Camping Brant\u00f4me Peyrelevade\",\"description\":\"Camping 3 \u00e9toiles en Dordogne P\u00e9rigord\",\"potentialAction\":[{\"@type\":\"SearchAction\",\"target\":{\"@type\":\"EntryPoint\",\"urlTemplate\":\"https:\\\/\\\/camping-dordogne.net\\\/en\\\/?s={search_term_string}\"},\"query-input\":{\"@type\":\"PropertyValueSpecification\",\"valueRequired\":true,\"valueName\":\"search_term_string\"}}],\"inLanguage\":\"nl-NL\"}]}<\/script>\n<!-- \/ Yoast SEO plugin. -->","yoast_head_json":{"title":"Camping tarieven **** in Brant\u00f4me en Dordogne aan de rivier, verwarmd binnenzwembad, strand, zwemmen, vissen, kano\u00ebn","description":"Ontdek de prijzen van de 4-sterrencamping Brant\u00f4me Peyrelevade in de Dordogne aan de rivier. Verhuur van stacaravans en tenten. Geniet van het verwarmde binnenzwembad, het zandstrand, kano\u00ebn, vissen","robots":{"index":"index","follow":"follow","max-snippet":"max-snippet:-1","max-image-preview":"max-image-preview:large","max-video-preview":"max-video-preview:-1"},"canonical":"https:\/\/camping-dordogne.net\/nl\/tarieven\/","og_locale":"nl_NL","og_type":"article","og_title":"Camping tarieven **** in Brant\u00f4me en Dordogne aan de rivier, verwarmd binnenzwembad, strand, zwemmen, vissen, kano\u00ebn","og_description":"Ontdek de prijzen van de 4-sterrencamping Brant\u00f4me Peyrelevade in de Dordogne aan de rivier. Verhuur van stacaravans en tenten. Geniet van het verwarmde binnenzwembad, het zandstrand, kano\u00ebn, vissen","og_url":"https:\/\/camping-dordogne.net\/nl\/tarieven\/","og_site_name":"Camping Brant\u00f4me Peyrelevade","article_publisher":"https:\/\/www.facebook.com\/campingBrantomeenPerigordPeyrelevadeDordogne\/","article_modified_time":"2025-05-19T15:32:10+00:00","twitter_card":"summary_large_image","twitter_misc":{"Geschatte leestijd":"1 minuut"},"schema":{"@context":"https:\/\/schema.org","@graph":[{"@type":"WebPage","@id":"https:\/\/camping-dordogne.net\/nl\/tarieven\/","url":"https:\/\/camping-dordogne.net\/nl\/tarieven\/","name":"Camping tarieven **** in Brant\u00f4me en Dordogne aan de rivier, verwarmd binnenzwembad, strand, zwemmen, vissen, kano\u00ebn","isPartOf":{"@id":"https:\/\/camping-dordogne.net\/en\/#website"},"datePublished":"2020-10-21T07:57:37+00:00","dateModified":"2025-05-19T15:32:10+00:00","description":"Ontdek de prijzen van de 4-sterrencamping Brant\u00f4me Peyrelevade in de Dordogne aan de rivier. Verhuur van stacaravans en tenten. Geniet van het verwarmde binnenzwembad, het zandstrand, kano\u00ebn, vissen","breadcrumb":{"@id":"https:\/\/camping-dordogne.net\/nl\/tarieven\/#breadcrumb"},"inLanguage":"nl-NL","potentialAction":[{"@type":"ReadAction","target":["https:\/\/camping-dordogne.net\/nl\/tarieven\/"]}]},{"@type":"BreadcrumbList","@id":"https:\/\/camping-dordogne.net\/nl\/tarieven\/#breadcrumb","itemListElement":[{"@type":"ListItem","position":1,"name":"Accueil","item":"https:\/\/camping-dordogne.net\/nl\/"},{"@type":"ListItem","position":2,"name":"Tarieven"}]},{"@type":"WebSite","@id":"https:\/\/camping-dordogne.net\/en\/#website","url":"https:\/\/camping-dordogne.net\/en\/","name":"Camping Brant\u00f4me Peyrelevade","description":"Camping 3 \u00e9toiles en Dordogne P\u00e9rigord","potentialAction":[{"@type":"SearchAction","target":{"@type":"EntryPoint","urlTemplate":"https:\/\/camping-dordogne.net\/en\/?s={search_term_string}"},"query-input":{"@type":"PropertyValueSpecification","valueRequired":true,"valueName":"search_term_string"}}],"inLanguage":"nl-NL"}]}},"_links":{"self":[{"href":"https:\/\/camping-dordogne.net\/nl\/wp-json\/wp\/v2\/pages\/3621","targetHints":{"allow":["GET"]}}],"collection":[{"href":"https:\/\/camping-dordogne.net\/nl\/wp-json\/wp\/v2\/pages"}],"about":[{"href":"https:\/\/camping-dordogne.net\/nl\/wp-json\/wp\/v2\/types\/page"}],"author":[{"embeddable":true,"href":"https:\/\/camping-dordogne.net\/nl\/wp-json\/wp\/v2\/users\/1"}],"replies":[{"embeddable":true,"href":"https:\/\/camping-dordogne.net\/nl\/wp-json\/wp\/v2\/comments?post=3621"}],"version-history":[{"count":0,"href":"https:\/\/camping-dordogne.net\/nl\/wp-json\/wp\/v2\/pages\/3621\/revisions"}],"wp:attachment":[{"href":"https:\/\/camping-dordogne.net\/nl\/wp-json\/wp\/v2\/media?parent=3621"}],"curies":[{"name":"wp","href":"https:\/\/api.w.org\/{rel}","templated":true}]}}