{"id":996258,"date":"2025-09-15T17:13:30","date_gmt":"2025-09-15T15:13:30","guid":{"rendered":"https:\/\/camping-dordogne.net\/tariffs-pitches\/"},"modified":"2025-09-18T19:29:48","modified_gmt":"2025-09-18T17:29:48","slug":"tarieven-kampeerplaatsen","status":"publish","type":"page","link":"https:\/\/camping-dordogne.net\/nl\/tarieven-kampeerplaatsen\/","title":{"rendered":"Tarieven Kampeerplaatsen"},"content":{"rendered":"<div  class='flex_column av-ast8j4r-2b2b172d7cd5cc46bd0c99a0f584734a av_three_fifth  avia-builder-el-0  el_before_av_two_fifth  avia-builder-el-first  first flex_column_div  '     ><p>\n<style type=\"text\/css\" data-created_by=\"avia_inline_auto\" id=\"style-css-av-2qpqtx-484208d6837f54f918c7132d8b472662\">\n#top .av-special-heading.av-2qpqtx-484208d6837f54f918c7132d8b472662{\npadding-bottom:0;\n}\nbody .av-special-heading.av-2qpqtx-484208d6837f54f918c7132d8b472662 .av-special-heading-tag .heading-char{\nfont-size:25px;\n}\n.av-special-heading.av-2qpqtx-484208d6837f54f918c7132d8b472662 .av-subheading{\nfont-size:15px;\n}\n<\/style>\n<div  class='av-special-heading av-2qpqtx-484208d6837f54f918c7132d8b472662 av-special-heading-h2 blockquote modern-quote  avia-builder-el-1  el_before_av_hr  avia-builder-el-first '><h2 class='av-special-heading-tag '  itemprop=\"headline\"  >Tarieven Kampeerplaatsen 2026<\/h2><div class=\"special-heading-border\"><div class=\"special-heading-inner-border\"><\/div><\/div><\/div><br \/>\n\n<style type=\"text\/css\" data-created_by=\"avia_inline_auto\" id=\"style-css-av-5yam9x-1-82b5e527658a99185a251d04fc0b5dc9\">\n#top .hr.av-5yam9x-1-82b5e527658a99185a251d04fc0b5dc9{\nmargin-top:5px;\nmargin-bottom:15px;\n}\n.hr.av-5yam9x-1-82b5e527658a99185a251d04fc0b5dc9 .hr-inner{\nwidth:500px;\nborder-color:#39a9dc;\n}\n<\/style>\n<div  class='hr av-5yam9x-1-82b5e527658a99185a251d04fc0b5dc9 hr-custom  avia-builder-el-2  el_after_av_heading  el_before_av_textblock  hr-left hr-icon-no'><span class='hr-inner inner-border-av-border-fat'><span class=\"hr-inner-style\"><\/span><\/span><\/div><br \/>\n<section  class='av_textblock_section av-mfmfl620-c947be74aab124b4879caad21dc76775 '   itemscope=\"itemscope\" itemtype=\"https:\/\/schema.org\/CreativeWork\" ><div class='avia_textblock'  itemprop=\"text\" ><p><strong>PLAATSEN CONFORT :<\/strong><br \/>\n2 personen, 10A elektriciteit<br \/>\n1 tent + 1 auto, of 1 caravan + 1 auto, of 1 camper, of 1 busje<\/p>\n<p><strong>PLAATSEN GRAND CONFORT :<\/strong><br \/>\nPlaatsen Confort + water + afvoer voor grijs water<\/p>\n<\/div><\/section><\/p><\/div><div  class='flex_column av-5b0k82j-a25b25530dc0e429b25c411dea533a5f av_two_fifth  avia-builder-el-4  el_after_av_three_fifth  el_before_av_one_full  flex_column_div  '     ><p>\n<style type=\"text\/css\" data-created_by=\"avia_inline_auto\" id=\"style-css-av-kgwcir77-62b083429d9ed119f931de0d5bb98070\">\n.avia-buttonrow-wrap.av-kgwcir77-62b083429d9ed119f931de0d5bb98070 .avia-button{\nfont-size:18px;\n}\n<\/style>\n<div  class='avia-buttonrow-wrap av-kgwcir77-62b083429d9ed119f931de0d5bb98070 avia-buttonrow-left  avia-builder-el-5  el_before_av_hr  avia-builder-el-first '>\n\n<style type=\"text\/css\" data-created_by=\"avia_inline_auto\" id=\"style-css-av-pjkl1-f32d39594ea7b4977610f010d5b24785\">\n#top #wrap_all .avia-button.av-pjkl1-f32d39594ea7b4977610f010d5b24785{\nmargin-bottom:5px;\nmargin-right:5px;\n}\n<\/style>\n<a href='https:\/\/reservation.secureholiday.net\/nl\/3198\/'  class='avia-button av-pjkl1-f32d39594ea7b4977610f010d5b24785 avia-icon_select-yes-left-icon avia-size-medium avia-color-theme-color'  target=\"_blank\"  rel=\"noopener noreferrer\"  aria-label=\"RESERVEREN en VERHUUR TARIEVEN\"><span class='avia_button_icon avia_button_icon_left avia-iconfont avia-font-entypo-fontello' data-av_icon='\ue832' data-av_iconfont='entypo-fontello' ><\/span><span class='avia_iconbox_title' >RESERVEREN en VERHUUR TARIEVEN<\/span><\/a>\n<\/div><br \/>\n\n<style type=\"text\/css\" data-created_by=\"avia_inline_auto\" id=\"style-css-av-mfmpt6xl-93dbf43887ea3bb5547046094a3f3d56\">\n#top .hr.hr-invisible.av-mfmpt6xl-93dbf43887ea3bb5547046094a3f3d56{\nheight:18px;\n}\n<\/style>\n<div  class='hr av-mfmpt6xl-93dbf43887ea3bb5547046094a3f3d56 hr-invisible  avia-builder-el-6  el_after_av_buttonrow  el_before_av_textblock '><span class='hr-inner '><span class=\"hr-inner-style\"><\/span><\/span><\/div><br \/>\n<section  class='av_textblock_section av-mfmg48nj-79abb231793d33070eb8042fc1a940cc '   itemscope=\"itemscope\" itemtype=\"https:\/\/schema.org\/CreativeWork\" ><div class='avia_textblock'  itemprop=\"text\" ><p><strong>Honden:<\/strong> 3\u20ac per nacht<\/p>\n<p><strong>Toeristenbelasting:<\/strong> 0,55\u20ac\/nacht\/volwassene<\/p>\n<p><strong>Milieudeelname:<\/strong> 0,45\u20ac\/nacht\/deelnemer<\/p>\n<\/div><\/section><\/p><\/div><\/p>\n<div  class='flex_column av-85teod7-ceacb8e8efb1ac28e0b1db46aafdc005 av_one_full  avia-builder-el-8  el_after_av_two_fifth  avia-builder-el-last  first flex_column_div  '     ><p><section  class='av_textblock_section av-mfpn5lli-5870caec27fddc10919d97be117e21e2 '   itemscope=\"itemscope\" itemtype=\"https:\/\/schema.org\/CreativeWork\" ><div class='avia_textblock'  itemprop=\"text\" ><p>* De kampeerplaatsen zijn voorzien van Europese stopcontacten, dus vergeet niet om uw adapter en een verlengsnoer van 25 meter mee te nemen.<\/p>\n<\/div><\/section><br \/>\n<\/p><\/div>\n","protected":false},"excerpt":{"rendered":"","protected":false},"author":1,"featured_media":0,"parent":0,"menu_order":0,"comment_status":"closed","ping_status":"closed","template":"","meta":{"footnotes":""},"class_list":["post-996258","page","type-page","status-publish","hentry"],"yoast_head":"<!-- This site is optimized with the Yoast SEO plugin v27.4 - https:\/\/yoast.com\/product\/yoast-seo-wordpress\/ -->\n<title>Tarifs camping**** \u00e0 Brant\u00f4me en Dordogne en bord de rivi\u00e8re, piscine couverte chauff\u00e9e, plage, baignade, p\u00eache, cano\u00eb<\/title>\n<meta name=\"description\" content=\"D\u00e9couvrez les tarifs du camping 4 \u00e9toiles Brant\u00f4me Peyrelevade en Dordogne en bord de rivi\u00e8re. Location de mobil homes et de tentes am\u00e9nag\u00e9es. Profitez de la piscine couverte chauff\u00e9e, de la plage de sable fin, descentes en cano\u00eb, p\u00eache\" \/>\n<meta name=\"robots\" content=\"index, follow, max-snippet:-1, max-image-preview:large, max-video-preview:-1\" \/>\n<link rel=\"canonical\" href=\"https:\/\/camping-dordogne.net\/nl\/tarieven-kampeerplaatsen\/\" \/>\n<meta property=\"og:locale\" content=\"nl_NL\" \/>\n<meta property=\"og:type\" content=\"article\" \/>\n<meta property=\"og:title\" content=\"Tarifs camping**** \u00e0 Brant\u00f4me en Dordogne en bord de rivi\u00e8re, piscine couverte chauff\u00e9e, plage, baignade, p\u00eache, cano\u00eb\" \/>\n<meta property=\"og:description\" content=\"D\u00e9couvrez les tarifs du camping 4 \u00e9toiles Brant\u00f4me Peyrelevade en Dordogne en bord de rivi\u00e8re. Location de mobil homes et de tentes am\u00e9nag\u00e9es. Profitez de la piscine couverte chauff\u00e9e, de la plage de sable fin, descentes en cano\u00eb, p\u00eache\" \/>\n<meta property=\"og:url\" content=\"https:\/\/camping-dordogne.net\/nl\/tarieven-kampeerplaatsen\/\" \/>\n<meta property=\"og:site_name\" content=\"Camping Brant\u00f4me Peyrelevade\" \/>\n<meta property=\"article:publisher\" content=\"https:\/\/www.facebook.com\/campingBrantomeenPerigordPeyrelevadeDordogne\/\" \/>\n<meta property=\"article:modified_time\" content=\"2025-09-18T17:29:48+00:00\" \/>\n<meta name=\"twitter:card\" content=\"summary_large_image\" \/>\n<meta name=\"twitter:label1\" content=\"Geschatte leestijd\" \/>\n\t<meta name=\"twitter:data1\" content=\"1 minuut\" \/>\n<script type=\"application\/ld+json\" class=\"yoast-schema-graph\">{\"@context\":\"https:\\\/\\\/schema.org\",\"@graph\":[{\"@type\":\"WebPage\",\"@id\":\"https:\\\/\\\/camping-dordogne.net\\\/nl\\\/tarieven-kampeerplaatsen\\\/\",\"url\":\"https:\\\/\\\/camping-dordogne.net\\\/nl\\\/tarieven-kampeerplaatsen\\\/\",\"name\":\"Tarifs camping**** \u00e0 Brant\u00f4me en Dordogne en bord de rivi\u00e8re, piscine couverte chauff\u00e9e, plage, baignade, p\u00eache, cano\u00eb\",\"isPartOf\":{\"@id\":\"https:\\\/\\\/camping-dordogne.net\\\/en\\\/#website\"},\"datePublished\":\"2025-09-15T15:13:30+00:00\",\"dateModified\":\"2025-09-18T17:29:48+00:00\",\"description\":\"D\u00e9couvrez les tarifs du camping 4 \u00e9toiles Brant\u00f4me Peyrelevade en Dordogne en bord de rivi\u00e8re. Location de mobil homes et de tentes am\u00e9nag\u00e9es. Profitez de la piscine couverte chauff\u00e9e, de la plage de sable fin, descentes en cano\u00eb, p\u00eache\",\"breadcrumb\":{\"@id\":\"https:\\\/\\\/camping-dordogne.net\\\/nl\\\/tarieven-kampeerplaatsen\\\/#breadcrumb\"},\"inLanguage\":\"nl-NL\",\"potentialAction\":[{\"@type\":\"ReadAction\",\"target\":[\"https:\\\/\\\/camping-dordogne.net\\\/nl\\\/tarieven-kampeerplaatsen\\\/\"]}]},{\"@type\":\"BreadcrumbList\",\"@id\":\"https:\\\/\\\/camping-dordogne.net\\\/nl\\\/tarieven-kampeerplaatsen\\\/#breadcrumb\",\"itemListElement\":[{\"@type\":\"ListItem\",\"position\":1,\"name\":\"Accueil\",\"item\":\"https:\\\/\\\/camping-dordogne.net\\\/nl\\\/\"},{\"@type\":\"ListItem\",\"position\":2,\"name\":\"Tarieven Kampeerplaatsen\"}]},{\"@type\":\"WebSite\",\"@id\":\"https:\\\/\\\/camping-dordogne.net\\\/en\\\/#website\",\"url\":\"https:\\\/\\\/camping-dordogne.net\\\/en\\\/\",\"name\":\"Camping Brant\u00f4me Peyrelevade\",\"description\":\"Camping 3 \u00e9toiles en Dordogne P\u00e9rigord\",\"potentialAction\":[{\"@type\":\"SearchAction\",\"target\":{\"@type\":\"EntryPoint\",\"urlTemplate\":\"https:\\\/\\\/camping-dordogne.net\\\/en\\\/?s={search_term_string}\"},\"query-input\":{\"@type\":\"PropertyValueSpecification\",\"valueRequired\":true,\"valueName\":\"search_term_string\"}}],\"inLanguage\":\"nl-NL\"}]}<\/script>\n<!-- \/ Yoast SEO plugin. -->","yoast_head_json":{"title":"Tarifs camping**** \u00e0 Brant\u00f4me en Dordogne en bord de rivi\u00e8re, piscine couverte chauff\u00e9e, plage, baignade, p\u00eache, cano\u00eb","description":"D\u00e9couvrez les tarifs du camping 4 \u00e9toiles Brant\u00f4me Peyrelevade en Dordogne en bord de rivi\u00e8re. Location de mobil homes et de tentes am\u00e9nag\u00e9es. Profitez de la piscine couverte chauff\u00e9e, de la plage de sable fin, descentes en cano\u00eb, p\u00eache","robots":{"index":"index","follow":"follow","max-snippet":"max-snippet:-1","max-image-preview":"max-image-preview:large","max-video-preview":"max-video-preview:-1"},"canonical":"https:\/\/camping-dordogne.net\/nl\/tarieven-kampeerplaatsen\/","og_locale":"nl_NL","og_type":"article","og_title":"Tarifs camping**** \u00e0 Brant\u00f4me en Dordogne en bord de rivi\u00e8re, piscine couverte chauff\u00e9e, plage, baignade, p\u00eache, cano\u00eb","og_description":"D\u00e9couvrez les tarifs du camping 4 \u00e9toiles Brant\u00f4me Peyrelevade en Dordogne en bord de rivi\u00e8re. Location de mobil homes et de tentes am\u00e9nag\u00e9es. Profitez de la piscine couverte chauff\u00e9e, de la plage de sable fin, descentes en cano\u00eb, p\u00eache","og_url":"https:\/\/camping-dordogne.net\/nl\/tarieven-kampeerplaatsen\/","og_site_name":"Camping Brant\u00f4me Peyrelevade","article_publisher":"https:\/\/www.facebook.com\/campingBrantomeenPerigordPeyrelevadeDordogne\/","article_modified_time":"2025-09-18T17:29:48+00:00","twitter_card":"summary_large_image","twitter_misc":{"Geschatte leestijd":"1 minuut"},"schema":{"@context":"https:\/\/schema.org","@graph":[{"@type":"WebPage","@id":"https:\/\/camping-dordogne.net\/nl\/tarieven-kampeerplaatsen\/","url":"https:\/\/camping-dordogne.net\/nl\/tarieven-kampeerplaatsen\/","name":"Tarifs camping**** \u00e0 Brant\u00f4me en Dordogne en bord de rivi\u00e8re, piscine couverte chauff\u00e9e, plage, baignade, p\u00eache, cano\u00eb","isPartOf":{"@id":"https:\/\/camping-dordogne.net\/en\/#website"},"datePublished":"2025-09-15T15:13:30+00:00","dateModified":"2025-09-18T17:29:48+00:00","description":"D\u00e9couvrez les tarifs du camping 4 \u00e9toiles Brant\u00f4me Peyrelevade en Dordogne en bord de rivi\u00e8re. Location de mobil homes et de tentes am\u00e9nag\u00e9es. Profitez de la piscine couverte chauff\u00e9e, de la plage de sable fin, descentes en cano\u00eb, p\u00eache","breadcrumb":{"@id":"https:\/\/camping-dordogne.net\/nl\/tarieven-kampeerplaatsen\/#breadcrumb"},"inLanguage":"nl-NL","potentialAction":[{"@type":"ReadAction","target":["https:\/\/camping-dordogne.net\/nl\/tarieven-kampeerplaatsen\/"]}]},{"@type":"BreadcrumbList","@id":"https:\/\/camping-dordogne.net\/nl\/tarieven-kampeerplaatsen\/#breadcrumb","itemListElement":[{"@type":"ListItem","position":1,"name":"Accueil","item":"https:\/\/camping-dordogne.net\/nl\/"},{"@type":"ListItem","position":2,"name":"Tarieven Kampeerplaatsen"}]},{"@type":"WebSite","@id":"https:\/\/camping-dordogne.net\/en\/#website","url":"https:\/\/camping-dordogne.net\/en\/","name":"Camping Brant\u00f4me Peyrelevade","description":"Camping 3 \u00e9toiles en Dordogne P\u00e9rigord","potentialAction":[{"@type":"SearchAction","target":{"@type":"EntryPoint","urlTemplate":"https:\/\/camping-dordogne.net\/en\/?s={search_term_string}"},"query-input":{"@type":"PropertyValueSpecification","valueRequired":true,"valueName":"search_term_string"}}],"inLanguage":"nl-NL"}]}},"_links":{"self":[{"href":"https:\/\/camping-dordogne.net\/nl\/wp-json\/wp\/v2\/pages\/996258","targetHints":{"allow":["GET"]}}],"collection":[{"href":"https:\/\/camping-dordogne.net\/nl\/wp-json\/wp\/v2\/pages"}],"about":[{"href":"https:\/\/camping-dordogne.net\/nl\/wp-json\/wp\/v2\/types\/page"}],"author":[{"embeddable":true,"href":"https:\/\/camping-dordogne.net\/nl\/wp-json\/wp\/v2\/users\/1"}],"replies":[{"embeddable":true,"href":"https:\/\/camping-dordogne.net\/nl\/wp-json\/wp\/v2\/comments?post=996258"}],"version-history":[{"count":0,"href":"https:\/\/camping-dordogne.net\/nl\/wp-json\/wp\/v2\/pages\/996258\/revisions"}],"wp:attachment":[{"href":"https:\/\/camping-dordogne.net\/nl\/wp-json\/wp\/v2\/media?parent=996258"}],"curies":[{"name":"wp","href":"https:\/\/api.w.org\/{rel}","templated":true}]}}